{"id":105,"date":"2023-09-27T10:42:09","date_gmt":"2023-09-27T10:42:09","guid":{"rendered":"https:\/\/ptin.us.edu.pl\/?page_id=105"},"modified":"2023-09-27T10:42:09","modified_gmt":"2023-09-27T10:42:09","slug":"misja-ptin","status":"publish","type":"page","link":"https:\/\/ptin.us.edu.pl\/index.php\/misja-ptin\/","title":{"rendered":"MISJA PTIN"},"content":{"rendered":"\n<p>G\u0142\u00f3wnym zadaniem PTIN jest: \u201eupowszechnienie w spo\u0142ecze\u0144stwie prze\u015bwiadczenia o wysoce wa\u017cnej roli i znaczeniu informacji naukowej i technicznej w rozwoju spo\u0142eczno-gospodarczym i post\u0119pie naukowo-technicznym oraz konieczno\u015bci ich wykorzystania w dzia\u0142aniach tw\u00f3rczych i decyzyjnych\u201d \u2013 zgodnie z zapisem uj\u0119tym w statucie PTIN. Zapis ten mo\u017cna uzna\u0107 za pos\u0142anie Stowarzyszenia, wyra\u017caj\u0105ce jego s\u0142u\u017cebn\u0105 rol\u0119 wobec procesu kszta\u0142towania naszej przysz\u0142o\u015bci naukowej i technicznej. Upowszechnienie w spo\u0142ecze\u0144stwie prze\u015bwiadczenia o roli INT, to g\u0142\u00f3wnie proces doskonalenia organizacji funkcjonowania informacji naukowej w kraju oraz proces szerokiej edukacji informacyjnej spo\u0142ecze\u0144stwa \u2013 w przysz\u0142o\u015bci spo\u0142ecze\u0144stwa informacyjnego.<\/p>\n\n\n\n<p>G\u0142\u00f3wne cele Polskiego Towarzystwa Informacji Naukowej to:<\/p>\n\n\n\n<ul class=\"wp-block-list\">\n<li>dzia\u0142anie na rzecz kszta\u0142towania niezb\u0119dnych warunk\u00f3w dla rozwoju teorii i doskonalenia organizacyjnych i metodycznych aspekt\u00f3w dzia\u0142alno\u015bci informacyjnej w obszarze nauki, kultury i gospodarki.<\/li>\n\n\n\n<li>d\u0105\u017cenie do zintegrowania \u015brodowiska tw\u00f3rc\u00f3w i u\u017cytkownik\u00f3w informacji,<\/li>\n\n\n\n<li>udzielanie pomocy w rozwi\u0105zywaniu problem\u00f3w \u015brodowiska,<\/li>\n\n\n\n<li>upowszechnianie wiedzy o roli i znaczeniu informacji dla post\u0119pu naukowo-technicznego i spo\u0142eczno-gospodarczego rozwoju kraju.<\/li>\n<\/ul>\n\n\n\n<p>Wymienione powy\u017cej cele Towarzystwo b\u0119dzie realizowa\u0107 poprzez dzia\u0142anie, na zasadach partnerstwa, ze wszystkimi zainteresowanymi organizacjami szczebla centralnego i terenowego, w realizacji zada\u0144 dotycz\u0105cych:<\/p>\n\n\n\n<ul class=\"wp-block-list\">\n<li>prowadzenia bada\u0144 w zakresie teorii i rozwoju informacji naukowej<\/li>\n\n\n\n<li>podnoszenia efektywno\u015bci i sprawno\u015bci organizacyjnej plac\u00f3wek i funkcjonowania system\u00f3w informacyjnych<\/li>\n\n\n\n<li>prac legislacyjnych i badawczo-wdro\u017ceniowych w dziedzinie informacji naukowej<\/li>\n\n\n\n<li>dzia\u0142alno\u015bci szkoleniowej pracownik\u00f3w i u\u017cytkownik\u00f3w informacji oraz prac zwi\u0105zanych z kszta\u0142ceniem kadr informacyjnych w systemie edukacji narodowej<\/li>\n\n\n\n<li>promocji dzia\u0142alno\u015bci informacyjnej i popularyzacji osi\u0105gni\u0119\u0107 z dziedziny informacji naukowej i technicznej<\/li>\n\n\n\n<li>rozwoju dzia\u0142alno\u015bci wydawniczej w zakresie problem\u00f3w i zagadnie\u0144 zwi\u0105zanych z informacj\u0105 naukow\u0105 i techniczn\u0105 oraz<\/li>\n\n\n\n<li>wsp\u00f3\u0142dzia\u0142ania i wymiany do\u015bwiadcze\u0144 ze stowarzyszeniami i instytucjami krajowymi i zagranicznymi przy rozwi\u0105zaniu problem\u00f3w zwi\u0105zanych z informacj\u0105 naukow\u0105.<\/li>\n<\/ul>\n","protected":false},"excerpt":{"rendered":"<p>G\u0142\u00f3wnym zadaniem PTIN jest: \u201eupowszechnienie w spo\u0142ecze\u0144stwie prze\u015bwiadczenia o wysoce wa\u017cnej roli i znaczeniu informacji naukowej i technicznej w rozwoju spo\u0142eczno-gospodarczym i post\u0119pie naukowo-technicznym oraz konieczno\u015bci ich wykorzystania w dzia\u0142aniach tw\u00f3rczych i decyzyjnych\u201d \u2013 zgodnie z zapisem uj\u0119tym w statucie PTIN. Zapis ten mo\u017cna uzna\u0107 za pos\u0142anie Stowarzyszenia, wyra\u017caj\u0105ce jego s\u0142u\u017cebn\u0105 rol\u0119 wobec procesu kszta\u0142towania [&hellip;]<\/p>\n","protected":false},"author":1,"featured_media":0,"parent":0,"menu_order":0,"comment_status":"closed","ping_status":"closed","template":"","meta":{"footnotes":""},"class_list":["post-105","page","type-page","status-publish","hentry"],"_links":{"self":[{"href":"https:\/\/ptin.us.edu.pl\/index.php\/wp-json\/wp\/v2\/pages\/105","targetHints":{"allow":["GET"]}}],"collection":[{"href":"https:\/\/ptin.us.edu.pl\/index.php\/wp-json\/wp\/v2\/pages"}],"about":[{"href":"https:\/\/ptin.us.edu.pl\/index.php\/wp-json\/wp\/v2\/types\/page"}],"author":[{"embeddable":true,"href":"https:\/\/ptin.us.edu.pl\/index.php\/wp-json\/wp\/v2\/users\/1"}],"replies":[{"embeddable":true,"href":"https:\/\/ptin.us.edu.pl\/index.php\/wp-json\/wp\/v2\/comments?post=105"}],"version-history":[{"count":1,"href":"https:\/\/ptin.us.edu.pl\/index.php\/wp-json\/wp\/v2\/pages\/105\/revisions"}],"predecessor-version":[{"id":106,"href":"https:\/\/ptin.us.edu.pl\/index.php\/wp-json\/wp\/v2\/pages\/105\/revisions\/106"}],"wp:attachment":[{"href":"https:\/\/ptin.us.edu.pl\/index.php\/wp-json\/wp\/v2\/media?parent=105"}],"curies":[{"name":"wp","href":"https:\/\/api.w.org\/{rel}","templated":true}]}}