{"id":109,"date":"2023-09-27T10:46:43","date_gmt":"2023-09-27T10:46:43","guid":{"rendered":"https:\/\/ptin.us.edu.pl\/?page_id=109"},"modified":"2023-09-27T10:46:43","modified_gmt":"2023-09-27T10:46:43","slug":"historia-ptin","status":"publish","type":"page","link":"https:\/\/ptin.us.edu.pl\/index.php\/historia-ptin\/","title":{"rendered":"HISTORIA PTIN"},"content":{"rendered":"\n<p><strong>Geneza<\/strong><\/p>\n\n\n\n<p>Pierwszy projekt Statutu opracowany zosta\u0142 20 pa\u017adziernika 1981 roku, zaproponowano w nim now\u0105 nazw\u0119 stowarzyszenia jako Stowarzyszenie Pracownik\u00f3w Informacji Naukowej SPIN, rozes\u0142any do wielu konsultant\u00f3w \u015brodowiska z pro\u015bba o naniesienie propozycji zmian. Kolejny, gotowy statut SPIN powsta\u0142 na podstawie korekty poprzedniego, przy uwzgl\u0119dnieniu uwag konsultant\u00f3w. W dniach 16 i 17 grudnia 1981 roku zaplanowano zorganizowanie konferencji pracownik\u00f3w o\u015brodk\u00f3w informacji naukowo-technicznej i ekonomicznej z inicjatywy instytucji: Uniwersytetu \u015al\u0105skiego w Katowicach, Polskiego Towarzystwa Cybernetycznego, O\u015brodka Post\u0119pu Technicznego, na temat Problemy organizacji o\u015brodk\u00f3w inte w zreformowanego gospodarce. W czasie trwania konferencji tej zaplanowano formalne utworzenie Stowarzyszenia Pracownik\u00f3w Informacji Naukowej. Jednak\u017ce, og\u0142oszony w nocy z 12 na 13 grudnia 1981 roku stan wojenny nie pozwoli\u0142 na organizacj\u0119 konferencji, a tym samym sfinalizowanie procesu powo\u0142ania Stowarzyszenia.<\/p>\n\n\n\n<p><strong>Powstanie Polskiego Towarzystwa Informacji Naukowej (PTIN)<\/strong><\/p>\n\n\n\n<p>Idea utworzenia towarzystwa powr\u00f3ci\u0142a w 1984 roku, wniosek o powo\u0142anie Stowarzyszenia nie zosta\u0142 zaopiniowany pozytywnie przez odpowiednie w\u0142adze pa\u0144stwowe. Polskie Towarzystwo Informacji Naukowej zosta\u0142o zarejestrowane dopiero w 1992 roku, po 11 latach stara\u0144 o jego utworzenie. Pierwsze Walne Zebranie PTIN odby\u0142o si\u0119 w dniu 29 lipca 1992 r. w Warszawie. Wybrane zosta\u0142y w\u0142adze Towarzystwa: Zarz\u0105d, Komisja Rewizyjna i S\u0105d Kole\u017ce\u0144ski.<\/p>\n\n\n\n<p><strong>Dzia\u0142alno\u015b\u0107 PTIN<\/strong><\/p>\n\n\n\n<p>W pierwszych za\u0142o\u017ceniach stowarzyszenie mia\u0142o by\u0107 instytucj\u0105 wspieraj\u0105c\u0105 upowszechnianie idei informacji naukowej, wp\u0142ywaj\u0105c\u0105 na poprawienie organizacji i metod dzia\u0142alno\u015bci informacyjnej w instytucjach informacji naukowej, reprezentuj\u0105c\u0105 \u015brodowisko w organach rz\u0105dowych i samorz\u0105dowych, gremiach bran\u017cowych, handlowych, naukowych i innych. Ponadto mia\u0142o by\u0107 reprezentantem Polski na polu mi\u0119dzynarodowym, a tak\u017ce uczestnikiem w spotkaniach stowarzysze\u0144 i instytucji pokrewnych. Towarzystwo mia\u0142o wsp\u00f3\u0142pracowa\u0107, wymienia\u0107 pogl\u0105dy i do\u015bwiadczenia, nawi\u0105zywa\u0107 kontakty i wykorzystywa\u0107 je dla poprawienia kondycji informacji naukowej w kraju.<\/p>\n\n\n\n<p>Polskie Towarzystwo Informacji Naukowej by\u0142o pierwsz\u0105 i jedyn\u0105 og\u00f3lnokrajow\u0105 organizacj\u0105 dzia\u0142aj\u0105c\u0105 na polu szeroko poj\u0119tej informacji naukowej. Powsta\u0142o jako odpowied\u017a ze strony Polski na fakt wzrostu liczby stowarzysze\u0144 tego rodzaju na \u015bwiecie oraz rozwoju i przyrostu informacji i jej roli w spo\u0142ecze\u0144stwie, w okresie dzia\u0142a\u0144 przygotowuj\u0105cych do funkcjonowania w spo\u0142ecze\u0144stwie informacyjnym oraz rosn\u0105cej roli wiedzy w gospodarce.<\/p>\n\n\n\n<p>Cz\u0142onkami PTIN mog\u0105 by\u0107 obywatele polscy, stale mieszkaj\u0105cy w Polsce, kt\u00f3rzy zajmuj\u0105 si\u0119 zawodowo dzia\u0142alno\u015bci\u0105 w zakresie informacji naukowej i technicznej, korzystaj\u0105 z us\u0142ug informacji naukowej i technicznej, a tak\u017ce zainteresowani problematyk\u0105 informacji, tzn. pracownicy informacji naukowej \u2013 praktycy i teoretycy: pracownicy bibliotek i o\u015brodk\u00f3w informacji naukowej, pracownicy naukowi oraz u\u017cytkownicy informacji naukowej.<\/p>\n\n\n\n<p>Swoj\u0105 dzia\u0142alno\u015b\u0107 PTIN opiera na spo\u0142ecznej pracy cz\u0142onk\u00f3w, a jej zakres PTIN okre\u015blony zosta\u0142 w obowi\u0105zuj\u0105cym Statucie.<\/p>\n\n\n\n<p><strong>Dzia\u0142alno\u015b\u0107 wydawnicza PTIN<\/strong><\/p>\n\n\n\n<p>Od roku 1993 ukazuje si\u0119 kwartalnik&nbsp;<strong>Praktyka i Teoria Informacji Naukowej i Technicznej&nbsp;<\/strong>(PTINT) \u2013 czasopismo o charakterze fachowym i naukowym. Na \u0142amach czasopisma zamieszczane s\u0105 artyku\u0142y problemowe z zakresu nauki o informacji i dziedzin pokrewnych, sprawozdania z bada\u0144, om\u00f3wienia dzia\u0142alno\u015bci plac\u00f3wek informacyjnych, sprawozdania z konferencji, zjazd\u00f3w i seminari\u00f3w, recenzje i om\u00f3wienia publikacji z zakresu informacji naukowej, bibliotekoznawstwa i dziedzin pokrewnych, a tak\u017ce informacje o dzia\u0142alno\u015bci Towarzystwa. Ponadto zamieszczane s\u0105 szerokie om\u00f3wienia zako\u0144czonych prac naukowych (obronionych doktorat\u00f3w) w dziedzinie informacji naukowej. Publikowane prace recenzowane s\u0105 przez samodzielnych pracownik\u00f3w naukowych, wchodz\u0105cych w sk\u0142ad Rady Programowej. W 2000 roku PTIN zainicjowa\u0142o seri\u0119 wydawnicz\u0105 \u2013&nbsp;<strong>\u201ePrace PTIN\u201d,<\/strong>&nbsp;w ramach kt\u00f3rej ukazuj\u0105 si\u0119 tytu\u0142y prezentuj\u0105ce problematyk\u0119 teorii i praktyki informacji naukowej i technicznej. Nale\u017c\u0105 do nich:<\/p>\n\n\n\n<ul class=\"wp-block-list\">\n<li><em>Informacja i j\u0119zyk. Ksi\u0119ga pami\u0105tkowa po\u015bwi\u0119cona pami\u0119ci Profesora Eugeniusza \u015acibora (1929-2003).<\/em>&nbsp;Pod red. D. Pietruch-Reizes i W. Babika. Katowice 2013, 204 s. (Prace PTIN nr 10)<\/li>\n\n\n\n<li><em>Bezpieczna, innowacyjna i dost\u0119pna informacja. Perspektywy dla sektora us\u0142ug informacyjnych w spo\u0142ecze\u0144stwie wiedzy<\/em>. Pod red. D. Pietruch-Reizes i W. Babika. Katowice 2011, 215 s. (Prace PTIN nr 9)<\/li>\n\n\n\n<li><em>Zarz\u0105dzanie informacj\u0105 w nauce<\/em>. Pod red. Diany Pietruch-Reizes i Wies\u0142awa Babika przy wsp\u00f3\u0142pracy Renata Fr\u0105czek. Katowice 2010, 258 s., (Prace PTIN nr 8)<\/li>\n\n\n\n<li><em>Wymiana informacji i rozw\u00f3j profesjonalnych us\u0142ug informacyjnych w edukacji, nauce i kulturze na rzecz spo\u0142ecze\u0144stwa opartego na wiedzy<\/em>. Pod red. D. Pietruch-Reizes i W. Babika. Katowice 2008, 390 s. (Prace PTIN nr 7)<\/li>\n\n\n\n<li><em>Kierunki i priorytety rozwoju informacji naukowej w kontek\u015bcie budowania spo\u0142ecze\u0144stwa wiedzy<\/em>. Pod red. D. Pietruch-Reizes i W. Babika. Katowice 2006, 225 s. (Prace PTIN nr 6)<\/li>\n\n\n\n<li><em>Us\u0142ugi \u2013 Aplikacje \u2013 Tre\u015bci w gospodarce opartej na wiedzy<\/em>. Pod red. D. Pietruch-Reizes i W. Babika. Warszawa 2004, 278 s. (Prace PTIN nr 5)<\/li>\n\n\n\n<li><em>Informacja \u2013 Wiedza \u2013 Gospodarka<\/em>. Pod red. W. Pindlowej i D. Pietruch-Reizes. Warszawa 2001, 443 s. (Prace PTIN nr 4)<\/li>\n\n\n\n<li><em>Forum integracyjne krajowych stowarzysze\u0144 z zakresu informacji naukowej, bibliotekarstwa i dziedzin pokrewnych. Materia\u0142y<\/em>. Pod red. D. Pietruch-Reizes. Warszawa 2000, 180 s. (Prace PTIN nr 3)<\/li>\n\n\n\n<li><em>Spo\u0142ecze\u0144stwo informacyjne w perspektywie nowego tysi\u0105clecia. Materia\u0142y z V Krajowego Forum Informacji Naukowej i Technicznej Zakopane 18-21 pa\u017adziernika 1999<\/em>. Pod red. D. Pietruch-Reizes, A. Sitarskiej i B. Stefaniak. Warszawa 2000, 127 s. (Prace PTIN nr 2)<\/li>\n<\/ul>\n\n\n\n<p><strong>Dzia\u0142alno\u015b\u0107 organizacyjna<\/strong><\/p>\n\n\n\n<p>Od 1991 roku cyklicznie, co dwa lata, PTIN organizuje konferencj\u0119 pod nazw\u0105&nbsp;<em>Krajowe Forum Informacji Naukowej i Technicznej<\/em>, integruj\u0105c\u0105 tw\u00f3rc\u00f3w, pracownik\u00f3w i u\u017cytkownik\u00f3w informacji w celu wymiany do\u015bwiadcze\u0144, zapoznania si\u0119 z nowymi tendencjami rozwojowymi w zakresie informacji oraz stosowanych technologii wymiany danych. W 2006 roku PTIN zorganizowa\u0142o pierwsz\u0105 konferencj\u0119&nbsp;<em>Zarz\u0105dzanie informacj\u0105 w nauce<\/em>. Kolejne spotkania odbywaj\u0105 si\u0119 co dwa lata w Katowicach (naprzemiennie z Forum INT). Ponadto organizowane s\u0105 jednodniowe seminaria naukowe i konferencje \u015brodowiskowe.<\/p>\n\n\n\n<p class=\"has-small-font-size\">Informacje opracowano na podstawie:\u00a0<em>Polskie Towarzystwo Informacji Naukowej<\/em>. Tryb dost\u0119pu: www.ptin.pl; A. Dobrowolska:\u00a0<em>Pierwsze dzia\u0142ania na rzecz utworzenia polskiego towarzystwa informacji naukowej<\/em>. \u201e<em>Praktyka i\u00a0Teoria Informacji Naukowej i\u00a0Technicznej\u201d<\/em>\u00a02002 nr 3-4 s. 31-37; D. Pietruch-Reizes:\u00a0<em>Dziesi\u0119ciolecie Polskiego Towarzystwa Informacji Naukowej<\/em>. \u201e<em>Praktyka i\u00a0Teoria Informacji Naukowej i\u00a0Technicznej\u201d<\/em>\u00a02002, nr 3-4, s. 5-9; D. Pietruch-Reizes:\u00a0<em>Kierunki dzia\u0142a\u0144 Polskiego Towarzystwa Informacji Naukowej na rzecz rozwoju spo\u0142ecze\u0144stwa informacyjnego w\u00a0Polsce<\/em>. W:\u00a0<em>Informacja, wiedza, gospodarka.<\/em>\u00a0Pod red. Wandy Pindlowej i\u00a0Diany Pietruch-Reizes. Warszawa 2001, s. 54-59.)<\/p>\n","protected":false},"excerpt":{"rendered":"<p>Geneza Pierwszy projekt Statutu opracowany zosta\u0142 20 pa\u017adziernika 1981 roku, zaproponowano w nim now\u0105 nazw\u0119 stowarzyszenia jako Stowarzyszenie Pracownik\u00f3w Informacji Naukowej SPIN, rozes\u0142any do wielu konsultant\u00f3w \u015brodowiska z pro\u015bba o naniesienie propozycji zmian. Kolejny, gotowy statut SPIN powsta\u0142 na podstawie korekty poprzedniego, przy uwzgl\u0119dnieniu uwag konsultant\u00f3w. W dniach 16 i 17 grudnia 1981 roku zaplanowano [&hellip;]<\/p>\n","protected":false},"author":1,"featured_media":0,"parent":0,"menu_order":0,"comment_status":"closed","ping_status":"closed","template":"","meta":{"footnotes":""},"class_list":["post-109","page","type-page","status-publish","hentry"],"_links":{"self":[{"href":"https:\/\/ptin.us.edu.pl\/index.php\/wp-json\/wp\/v2\/pages\/109","targetHints":{"allow":["GET"]}}],"collection":[{"href":"https:\/\/ptin.us.edu.pl\/index.php\/wp-json\/wp\/v2\/pages"}],"about":[{"href":"https:\/\/ptin.us.edu.pl\/index.php\/wp-json\/wp\/v2\/types\/page"}],"author":[{"embeddable":true,"href":"https:\/\/ptin.us.edu.pl\/index.php\/wp-json\/wp\/v2\/users\/1"}],"replies":[{"embeddable":true,"href":"https:\/\/ptin.us.edu.pl\/index.php\/wp-json\/wp\/v2\/comments?post=109"}],"version-history":[{"count":1,"href":"https:\/\/ptin.us.edu.pl\/index.php\/wp-json\/wp\/v2\/pages\/109\/revisions"}],"predecessor-version":[{"id":110,"href":"https:\/\/ptin.us.edu.pl\/index.php\/wp-json\/wp\/v2\/pages\/109\/revisions\/110"}],"wp:attachment":[{"href":"https:\/\/ptin.us.edu.pl\/index.php\/wp-json\/wp\/v2\/media?parent=109"}],"curies":[{"name":"wp","href":"https:\/\/api.w.org\/{rel}","templated":true}]}}