{"id":197,"date":"2023-10-10T12:53:30","date_gmt":"2023-10-10T12:53:30","guid":{"rendered":"https:\/\/ptin.us.edu.pl\/?page_id=197"},"modified":"2023-10-11T11:48:33","modified_gmt":"2023-10-11T11:48:33","slug":"ix-ogolnopolska-konferencja-naukowa-zarzadzanie-informacja-w-nauce","status":"publish","type":"page","link":"https:\/\/ptin.us.edu.pl\/index.php\/konferencje\/ix-ogolnopolska-konferencja-naukowa-zarzadzanie-informacja-w-nauce\/","title":{"rendered":"IX Og\u00f3lnopolska Konferencja Naukowa ZARZ\u0104DZANIE INFORMACJ\u0104 W NAUCE"},"content":{"rendered":"\n<p>24-25 listopada 2022 r.<\/p>\n\n\n\n<details class=\"wp-block-details is-layout-flow wp-block-details-is-layout-flow\"><summary>Zaproszenie<\/summary>\n<p><em>Szanowni Pa\u0144stwo, Kole\u017canki i Koledzy,<\/em><\/p>\n\n\n\n<p><em>Jest mi niezmiernie mi\u0142o, w roku Jubileuszu 30 lat istnienia Polskiego Towarzystwa Informacji Naukowej (1992-2022), zaprosi\u0107 Pa\u0144stwa w imieniu organizator\u00f3w do udzia\u0142u w Og\u00f3lnopolskiej Konferencji Naukowej po\u015bwi\u0119conej szeroko ujmowanym zagadnieniom funkcjonowania informacji w nauce z uwzgl\u0119dnieniem kontekstu otwartej nauki, otwartych innowacji w zmieniaj\u0105cym si\u0119 \u015bwiecie.<\/em><\/p>\n\n\n\n<p><em>Zapraszamy Pa\u0144stwa do prezentacji wynik\u00f3w bada\u0144, wymiany do\u015bwiadcze\u0144 w odniesieniu do proces\u00f3w informacyjnych, transferu wiedzy zachodz\u0105cych w systemie nauki, wykorzystania nowoczesnych technologii informacyjno- komunikacyjnych w celu poprawy dost\u0119pu do informacji naukowej i unowocze\u015bnienia komunikacji naukowej.<\/em><\/p>\n\n\n\n<p><em>W ramach dwudniowego spotkania proponujemy Pa\u0144stwu udzia\u0142 w dyskusji i praktyczne om\u00f3wienie zagadnie\u0144 zwi\u0105zanych z funkcjonowaniem informacji i wiedzy w przestrzeni bada\u0144 i innowacji.<\/em><\/p>\n\n\n\n<p><em>Organizatorem cyklicznych konferencji ZARZ\u0104DZANIE INFORMACJ\u0104 W NAUCE, odbywaj\u0105cych si\u0119 od 2006 r. co dwa lata, jest Polskie Towarzystwo Informacji Naukowej, wsp\u00f3\u0142organizatorem merytorycznym \u2013 Zak\u0142ad Zarz\u0105dzania Informacj\u0105 Uniwersytetu Jagiello\u0144skiego.<\/em><\/p>\n\n\n\n<p><em>Zaproszenie na konferencj\u0119 kierujemy do pracownik\u00f3w systemu szkolnictwa wy\u017cszego i nauki, w tym &nbsp;uczelni, bibliotek naukowych tworz\u0105cych system biblioteczno-informacyjny uczelni, centr\u00f3w transferu wiedzy oraz instytut\u00f3w naukowych, zajmuj\u0105cych si\u0119 problemami informacji i komunikacji w nauce, transferem wiedzy i technologii do gospodarki. Serdecznie zapraszamy przedstawicieli sfery gospodarczej, przedsi\u0119biorc\u00f3w, instytucji &nbsp;samorz\u0105dowych.&nbsp;&nbsp;&nbsp;<\/em><\/p>\n\n\n\n<p><em>W 2022 r. serdecznie zapraszamy Pa\u0144stwa do Krakowa na IX Og\u00f3lnopolsk\u0105 Konferencj\u0119 Naukow\u0105 ZARZ\u0104DZANIE INFORMACJ\u0104 W NAUCE w dniach 24 \u2013 25 listopada. &nbsp;<\/em><\/p>\n\n\n\n<p><em>Dr hab. Diana Pietruch-Reizes, prof. UJ<\/em><\/p>\n\n\n\n<p><em>Prezes Zarz\u0105du PTIN<\/em><\/p>\n<\/details>\n\n\n\n<details class=\"wp-block-details is-layout-flow wp-block-details-is-layout-flow\"><summary>Organizatorzy<\/summary>\n<p>Organizator konferencji:<\/p>\n\n\n\n<p><strong>POLSKIE TOWARZYSTWO INFORMACJI NAUKOWEJ<\/strong><\/p>\n\n\n\n<p>Wsp\u00f3\u0142organizator merytoryczny:<\/p>\n\n\n\n<ul class=\"wp-block-list\">\n<li><strong>Zak\u0142ad Zarz\u0105dzania Informacj\u0105 Instytutu Studi\u00f3w Informacyjnych Uniwersytetu Jagiello\u0144skiego<\/strong><\/li>\n<\/ul>\n\n\n\n<p>Komitet organizacyjny:<\/p>\n\n\n\n<ul class=\"wp-block-list\">\n<li>dr hab. Diana Pietruch-Reizes, prof. UJ, Uniwersytet Jagiello\u0144ski \u2013 przewodnicz\u0105ca<\/li>\n\n\n\n<li>dr hab. Renata Fr\u0105czek, Politechnika \u015al\u0105ska<\/li>\n\n\n\n<li>dr Anna Matysek, Uniwersytet \u015al\u0105ski<\/li>\n<\/ul>\n<\/details>\n\n\n\n<details class=\"wp-block-details is-layout-flow wp-block-details-is-layout-flow\"><summary>Tematyka<\/summary>\n<p>Przedmiotem rozwa\u017ca\u0144 b\u0119d\u0105 zagadnienia teoretyczne i do\u015bwiadczenia praktyczne, w szczeg\u00f3lno\u015bci:<\/p>\n\n\n\n<ul class=\"wp-block-list\">\n<li>procesy informacyjne zachodz\u0105ce w systemie nauki &#8211; tworzenie, gromadzenie, przechowywanie, przetwarzanie, udost\u0119pnianie i upowszechnianie informacji naukowej i naukowo-technicznej<\/li>\n\n\n\n<li>zarz\u0105dzanie informacj\u0105 i wiedz\u0105 w instytucjach naukowych<\/li>\n\n\n\n<li>zasoby wiedzy naukowej i technologicznej dost\u0119pne w uniwersytetach i instytucjach badawczych<\/li>\n\n\n\n<li>kreowanie i u\u017cytkowanie wiedzy za pomoc\u0105 nowoczesnych technologii informacyjnych i komunikacyjnych; bibliometria, informetria, naukometria i webometria<\/li>\n\n\n\n<li>zdobywanie, rozpowszechnianie i wykorzystanie wiedzy jako podstawa systemu naukowo-badawczego, otwarcie dost\u0119pu do wiedzy (wynik\u00f3w bada\u0144 naukowych), jej przep\u0142yw w spo\u0142ecze\u0144stwie; zasoby wiedzy naukowej i technologicznej dost\u0119pne w uniwersytetach i instytucjach badawczych<\/li>\n\n\n\n<li>biblioteki uniwersyteckie i o\u015brodki badawcze; tworzenie bibliotek internetowych, repozytori\u00f3w wiedzy naukowej, baz publikacji<\/li>\n\n\n\n<li>otwarty dost\u0119p do danych badawczych \u2013 problemy organizacyjne, techniczne i prawne<\/li>\n\n\n\n<li>zarz\u0105dzanie w\u0142asno\u015bci\u0105 intelektualn\u0105 i transfer&nbsp; wiedzy pomi\u0119dzy uczelniami wy\u017cszymi i przedsi\u0119biorstwami.<\/li>\n\n\n\n<li>nowatorskie sposoby komunikacji naukowej, absorpcji wiedzy<\/li>\n\n\n\n<li>infrastruktury informatyczne, informacyjne i telekomunikacyjne dla nauki<\/li>\n\n\n\n<li>\u2026<\/li>\n\n\n\n<li><strong>Zapraszamy do przesy\u0142ania propozycji referat\u00f3w w odniesieniu do powy\u017cszych zagadnie\u0144 tematycznych, jak r\u00f3wnie\u017c innych problem\u00f3w zwi\u0105zanych z zarz\u0105dzaniem informacj\u0105 w systemie nauki.<\/strong><\/li>\n<\/ul>\n<\/details>\n\n\n\n<details class=\"wp-block-details is-layout-flow wp-block-details-is-layout-flow\"><summary>Miejsce konferencji<\/summary>\n<p>Uniwersytet Jagiello\u0144ski, Wydzia\u0142 Zarz\u0105dzania i Komunikacji Spo\u0142ecznej, sala 0.303 (parter)<\/p>\n\n\n\n<p>Zdj\u0119cie pochodzi ze strony: <a href=\"https:\/\/wzks.uj.edu.pl\/\">https:\/\/wzks.uj.edu.pl\/<\/a><\/p>\n\n\n\n<p>Adres:<\/p>\n\n\n\n<p>WYDZIA\u0141 ZARZ\u0104DZANIA I KOMUNIKACJI SPO\u0141ECZNEJ<\/p>\n\n\n\n<p>Krak\u00f3w, ul. prof. St. \u0141ojasiewicza 4<\/p>\n<\/details>\n\n\n\n<details class=\"wp-block-details is-layout-flow wp-block-details-is-layout-flow\"><summary>Terminy<\/summary>\n<figure class=\"wp-block-table\"><table><tbody><tr><td>nades\u0142anie formularza zg\u0142oszeniowego (uczestnictwo z referatem) i abstraktu (400-600 s\u0142\u00f3w) w j\u0119zyku polskim i angielskim<\/td><td><strong>do 30 wrze\u015bnia 2022<\/strong><\/td><\/tr><tr><td>akceptacja zg\u0142oszenia referatu przez Rad\u0119 Programow\u0105&nbsp;&nbsp;&nbsp;&nbsp;&nbsp;&nbsp;&nbsp;&nbsp;&nbsp;&nbsp;&nbsp;&nbsp;&nbsp;&nbsp;&nbsp;&nbsp; &nbsp;&nbsp;&nbsp;&nbsp;&nbsp;&nbsp;&nbsp;&nbsp;&nbsp;<\/td><td><strong>do 15 pa\u017adziernika 2022<\/strong><\/td><\/tr><tr><td>nades\u0142anie formularza zg\u0142oszeniowego (uczestnictwo bez referatu)<\/td><td><strong>do 31 pa\u017adziernika 2022<\/strong><\/td><\/tr><tr><td>wniesienie op\u0142aty konferencyjnej&nbsp;&nbsp;&nbsp;&nbsp;&nbsp;&nbsp;&nbsp;&nbsp;&nbsp;&nbsp;&nbsp;&nbsp;&nbsp;&nbsp;&nbsp;&nbsp;&nbsp;&nbsp;&nbsp;&nbsp;&nbsp;&nbsp;&nbsp;&nbsp;&nbsp;&nbsp;&nbsp;&nbsp; &nbsp;&nbsp;&nbsp;&nbsp;&nbsp;&nbsp;&nbsp;&nbsp;&nbsp;&nbsp;&nbsp;&nbsp;&nbsp;&nbsp;<\/td><td><strong>do 31 pa\u017adziernika 2022<\/strong><\/td><\/tr><tr><td>konferencja&nbsp;&nbsp;<\/td><td><strong>24-25 listopada 2022<\/strong><\/td><\/tr><\/tbody><\/table><\/figure>\n<\/details>\n\n\n\n<details class=\"wp-block-details is-layout-flow wp-block-details-is-layout-flow\"><summary>Program konferencji<\/summary>\n<p><a href=\"https:\/\/ptin.us.edu.pl\/wp-content\/uploads\/2023\/09\/ZIwN-2022-program.pdf\" data-type=\"attachment\" data-id=\"45\">Program konferencji Zarz\u0105dzanie Informacj\u0105 w Nauce<\/a><\/p>\n<\/details>\n","protected":false},"excerpt":{"rendered":"<p>24-25 listopada 2022 r.<\/p>\n","protected":false},"author":1,"featured_media":0,"parent":49,"menu_order":0,"comment_status":"closed","ping_status":"closed","template":"","meta":{"footnotes":""},"class_list":["post-197","page","type-page","status-publish","hentry"],"_links":{"self":[{"href":"https:\/\/ptin.us.edu.pl\/index.php\/wp-json\/wp\/v2\/pages\/197","targetHints":{"allow":["GET"]}}],"collection":[{"href":"https:\/\/ptin.us.edu.pl\/index.php\/wp-json\/wp\/v2\/pages"}],"about":[{"href":"https:\/\/ptin.us.edu.pl\/index.php\/wp-json\/wp\/v2\/types\/page"}],"author":[{"embeddable":true,"href":"https:\/\/ptin.us.edu.pl\/index.php\/wp-json\/wp\/v2\/users\/1"}],"replies":[{"embeddable":true,"href":"https:\/\/ptin.us.edu.pl\/index.php\/wp-json\/wp\/v2\/comments?post=197"}],"version-history":[{"count":7,"href":"https:\/\/ptin.us.edu.pl\/index.php\/wp-json\/wp\/v2\/pages\/197\/revisions"}],"predecessor-version":[{"id":205,"href":"https:\/\/ptin.us.edu.pl\/index.php\/wp-json\/wp\/v2\/pages\/197\/revisions\/205"}],"up":[{"embeddable":true,"href":"https:\/\/ptin.us.edu.pl\/index.php\/wp-json\/wp\/v2\/pages\/49"}],"wp:attachment":[{"href":"https:\/\/ptin.us.edu.pl\/index.php\/wp-json\/wp\/v2\/media?parent=197"}],"curies":[{"name":"wp","href":"https:\/\/api.w.org\/{rel}","templated":true}]}}