{"id":204,"date":"2023-10-11T11:54:27","date_gmt":"2023-10-11T11:54:27","guid":{"rendered":"https:\/\/ptin.us.edu.pl\/?page_id=204"},"modified":"2023-10-11T11:54:54","modified_gmt":"2023-10-11T11:54:54","slug":"viii-ogolnopolska-konferencja-naukowa-zarzadzanie-informacja-w-nauce-online","status":"publish","type":"page","link":"https:\/\/ptin.us.edu.pl\/index.php\/konferencje\/viii-ogolnopolska-konferencja-naukowa-zarzadzanie-informacja-w-nauce-online\/","title":{"rendered":"VIII Og\u00f3lnopolska Konferencja Naukowa \u201eZARZ\u0104DZANIE INFORMACJ\u0104 W NAUCE\u201d ONLINE"},"content":{"rendered":"\n<p>27.11.2020<\/p>\n\n\n\n<details class=\"wp-block-details is-layout-flow wp-block-details-is-layout-flow\"><summary>Zaproszenie<\/summary>\n<p><em>Szanowni Pa\u0144stwo,&nbsp;&nbsp;&nbsp;&nbsp;&nbsp;&nbsp;&nbsp;&nbsp;&nbsp;&nbsp;&nbsp;&nbsp;&nbsp;&nbsp;&nbsp;&nbsp;&nbsp;&nbsp;&nbsp;&nbsp;&nbsp;&nbsp;&nbsp;&nbsp;&nbsp;&nbsp;&nbsp;&nbsp;&nbsp;&nbsp;&nbsp;&nbsp;&nbsp;&nbsp;&nbsp;&nbsp;&nbsp;&nbsp;&nbsp;&nbsp;&nbsp;&nbsp;&nbsp;&nbsp;&nbsp;&nbsp;&nbsp;&nbsp;&nbsp;&nbsp;&nbsp;&nbsp;&nbsp;&nbsp;&nbsp;&nbsp;&nbsp;&nbsp;&nbsp;&nbsp;&nbsp;&nbsp;<\/em><\/p>\n\n\n\n<p><em>Polskie Towarzystwo Informacji Naukowej oraz Zak\u0142ad Zarz\u0105dzania Informacj\u0105 Uniwersytetu Jagiello\u0144skiego w Krakowie serdecznie zapraszaj\u0105 na &nbsp;<strong>VIII. Og\u00f3lnopolsk\u0105 Konferencj\u0119 Naukow\u0105 z cyklu: Zarz\u0105dzanie informacj\u0105 w nauce.<\/strong>&nbsp;Wydarzenie to, wyj\u0105tkowo w tym roku, w sytuacji pandemicznej, zaplanowano jako spotkanie jednodniowe, kt\u00f3re odb\u0119dzie si\u0119&nbsp;<strong>27 listopada 2020 r.<\/strong>&nbsp;<\/em><em>w formule zdalnego dost\u0119pu czyli wideokonferencji za po\u015brednictwem platformy MS Teams (\u015brodowisko Microsoft Office 365).<\/em><\/p>\n\n\n\n<p><em>Do udzia\u0142u w Konferencji zapraszamy pracownik\u00f3w naukowych, doktorant\u00f3w, student\u00f3w, a tak\u017ce przedstawicieli instytucji, firm dzia\u0142aj\u0105cych w obszarach zwi\u0105zanych z funkcjonowaniem sektora nauki. Zapraszamy Pa\u0144stwa do wsp\u00f3\u0142pracy i prezentacji wynik\u00f3w bada\u0144 w\u0142asnych w formie referat\u00f3w.<\/em><\/p>\n\n\n\n<p><em>Dr hab. Diana Pietruch-Reizes, prof. UJ<\/em><\/p>\n\n\n\n<p><em>Prezes PTIN<\/em><\/p>\n\n\n\n<p><\/p>\n<\/details>\n\n\n\n<details class=\"wp-block-details is-layout-flow wp-block-details-is-layout-flow\"><summary>Tematyka<\/summary>\n<p><strong>Celem konferencji<\/strong>&nbsp;jest zwr\u00f3cenie uwagi &nbsp;na zmiany zachodz\u0105ce w systemie funkcjonowania informacji w nauce w kontek\u015bcie dynamicznego rozwoju nowych technologii informacyjno-komunikacyjnych. Zapraszamy do prezentacji prac badawczych i wymiany do\u015bwiadcze\u0144 zwi\u0105zanych z szeroko rozumian\u0105 problematyk\u0105 informacji naukowej w uj\u0119ciu interdyscyplinarnym. Przedmiotem rozwa\u017ca\u0144 b\u0119d\u0105 zagadnienia teoretyczne i do\u015bwiadczenia praktyczne, w szczeg\u00f3lno\u015bci:<\/p>\n\n\n\n<ul class=\"wp-block-list\">\n<li>procesy informacyjne zachodz\u0105ce w systemie nauki<\/li>\n\n\n\n<li>bariery informacyjne w nauce<\/li>\n\n\n\n<li>kreowanie i u\u017cytkowanie wiedzy za pomoc\u0105 nowoczesnych technologii informacyjnych i komunikacyjnych (ICT)<\/li>\n\n\n\n<li>otwarta nauka, otwarcie dost\u0119pu do wiedzy (wynik\u00f3w bada\u0144 naukowych), jej przep\u0142yw w spo\u0142ecze\u0144stwie, rola bibliotek akademickich<\/li>\n\n\n\n<li>europejska chmura dla otwartej nauki, us\u0142ugi nast\u0119pnej generacji w zakresie gromadzenia, przechowywania i przetwarzania (np. analizy, symulacje, us\u0142ugi wizualizacji) oraz udost\u0119pniania du\u017cych zbior\u00f3w danych naukowych<\/li>\n\n\n\n<li>infrastruktury informatyczne, informacyjne i telekomunikacyjne dla nauki; nowatorskie sposoby komunikacji naukowej, absorpcji wiedzy,<\/li>\n\n\n\n<li>zarz\u0105dzanie w\u0142asno\u015bci\u0105 intelektualn\u0105 i transfer wiedzy pomi\u0119dzy uczelniami wy\u017cszymi i przedsi\u0119biorstwami<\/li>\n\n\n\n<li>biblioteki cyfrowe, repozytoria wiedzy naukowej, bazy publikacji; system publikowania informacji naukowych.<\/li>\n<\/ul>\n<\/details>\n\n\n\n<details class=\"wp-block-details is-layout-flow wp-block-details-is-layout-flow\"><summary>Rada naukowa<\/summary>\n<p>prof. dr hab. Wies\u0142aw Babik<br>Uniwersytet Jagiello\u0144ski<\/p>\n\n\n\n<p>prof. dr hab. Iwona Hofman<br>Uniwersytet Marii Curie-Sk\u0142odowskiej w Lublinie<\/p>\n\n\n\n<p>dr El\u017cbieta Kocowska-Siekierka<br>Centrum Innowacji i Transferu Wiedzy Uniwersytetu Wroc\u0142awskiego sp. z o.o.<\/p>\n\n\n\n<p>dr hab. Katarzyna Materska, prof. U\u015a<br>Uniwersytet \u015al\u0105ski<\/p>\n\n\n\n<p>dr hab. Diana Pietruch-Reizes, prof. UJ<br>Uniwersytet Jagiello\u0144ski<br>Polskie Towarzystwo Informacji Naukowej<\/p>\n\n\n\n<p>dr hab. Maria Pr\u00f3chnicka, prof. UJ<br>Uniwersytet Jagiello\u0144ski<\/p>\n\n\n\n<p>prof. dr hab. Barbara Sosi\u0144ska-Kalata<br>Uniwersytet Warszawski<\/p>\n\n\n\n<p>dr hab. Magdalena W\u00f3jcik, prof. UJ<br>Uniwersytet Jagiello\u0144ski<\/p>\n<\/details>\n\n\n\n<details class=\"wp-block-details is-layout-flow wp-block-details-is-layout-flow\"><summary>Terminy<\/summary>\n<ul class=\"wp-block-list\">\n<li>do 31 pa\u017adziernika 2020 roku \u2013 zg\u0142oszenia uczestnictwa, poprzez przes\u0142anie formularza zg\u0142oszeniowego,<\/li>\n\n\n\n<li>do 31 pa\u017adziernika 2020 roku \u2013 nadsy\u0142anie abstrakt\u00f3w wyst\u0105pie\u0144,<\/li>\n\n\n\n<li>do 25 listopada 2020 roku \u2013 nadsy\u0142anie prezentacji multimedialnych,<\/li>\n\n\n\n<li>27 listopada 2020 roku \u2013 VIII Og\u00f3lnopolska Konferencja Naukowa&nbsp;<em>Zarz\u0105dzanie informacj\u0105 w nauce<\/em><\/li>\n<\/ul>\n<\/details>\n\n\n\n<details class=\"wp-block-details is-layout-flow wp-block-details-is-layout-flow\"><summary>Program<\/summary>\n<p><a href=\"https:\/\/ptin.us.edu.pl\/wp-content\/uploads\/2023\/10\/program_ZIwN.pdf\">Program konferencji (plik PDF)<\/a><\/p>\n<\/details>\n","protected":false},"excerpt":{"rendered":"<p>27.11.2020<\/p>\n","protected":false},"author":1,"featured_media":0,"parent":49,"menu_order":0,"comment_status":"closed","ping_status":"closed","template":"","meta":{"footnotes":""},"class_list":["post-204","page","type-page","status-publish","hentry"],"_links":{"self":[{"href":"https:\/\/ptin.us.edu.pl\/index.php\/wp-json\/wp\/v2\/pages\/204","targetHints":{"allow":["GET"]}}],"collection":[{"href":"https:\/\/ptin.us.edu.pl\/index.php\/wp-json\/wp\/v2\/pages"}],"about":[{"href":"https:\/\/ptin.us.edu.pl\/index.php\/wp-json\/wp\/v2\/types\/page"}],"author":[{"embeddable":true,"href":"https:\/\/ptin.us.edu.pl\/index.php\/wp-json\/wp\/v2\/users\/1"}],"replies":[{"embeddable":true,"href":"https:\/\/ptin.us.edu.pl\/index.php\/wp-json\/wp\/v2\/comments?post=204"}],"version-history":[{"count":3,"href":"https:\/\/ptin.us.edu.pl\/index.php\/wp-json\/wp\/v2\/pages\/204\/revisions"}],"predecessor-version":[{"id":209,"href":"https:\/\/ptin.us.edu.pl\/index.php\/wp-json\/wp\/v2\/pages\/204\/revisions\/209"}],"up":[{"embeddable":true,"href":"https:\/\/ptin.us.edu.pl\/index.php\/wp-json\/wp\/v2\/pages\/49"}],"wp:attachment":[{"href":"https:\/\/ptin.us.edu.pl\/index.php\/wp-json\/wp\/v2\/media?parent=204"}],"curies":[{"name":"wp","href":"https:\/\/api.w.org\/{rel}","templated":true}]}}