{"id":211,"date":"2023-10-11T12:10:04","date_gmt":"2023-10-11T12:10:04","guid":{"rendered":"https:\/\/ptin.us.edu.pl\/?page_id=211"},"modified":"2023-10-11T12:10:04","modified_gmt":"2023-10-11T12:10:04","slug":"xv-krajowe-forum-informacji-naukowej-i-technicznej","status":"publish","type":"page","link":"https:\/\/ptin.us.edu.pl\/index.php\/konferencje\/xv-krajowe-forum-informacji-naukowej-i-technicznej\/","title":{"rendered":"XV Krajowe Forum Informacji Naukowej i Technicznej"},"content":{"rendered":"\n<p>18-19.09.2019<\/p>\n\n\n\n<details class=\"wp-block-details is-layout-flow wp-block-details-is-layout-flow\"><summary>Zaproszenie<\/summary>\n<p>Szanowni Pa\u0144stwo,<\/p>\n\n\n\n<p>W listopadzie 1991 r. zorganizowano I Krajowe FORUM Informacji Naukowej i Technicznej, na kt\u00f3rym dokonano przegl\u0105du stanu dzia\u0142alno\u015bci w zakresie informacji naukowej i technicznej oraz polityki jej rozwoju. Prezentowano zagadnienia kompleksowej obs\u0142ugi informacyjnej u\u017cytkownika w sferze nauki, techniki i przemys\u0142u, wskazuj\u0105c na osi\u0105gni\u0119cia o\u015brodk\u00f3w INT oraz uczelni wy\u017cszych w rozwoju system\u00f3w informacyjnych, technologii system\u00f3w ekspertowych.<\/p>\n\n\n\n<p>Od tego czasu, co dwa lata Polskie Towarzystwo Informacji Naukowej (PTIN) przygotowuje konferencje z cyklu Krajowe FORUM INT.<\/p>\n\n\n\n<p>W bie\u017c\u0105cym roku PTIN organizuje pi\u0119tnast\u0105 og\u00f3lnopolsk\u0105 konferencj\u0119 naukow\u0105, wzorem lat ubieg\u0142ych z udzia\u0142em go\u015bci zagranicznych, pod has\u0142em Informacja \u2013 Wiedza \u2013 Innowacje w Europejskiej Przestrzeni Badawczej.<br>Mamy zaszczyt zaprosi\u0107 Pa\u0144stwa do udzia\u0142u w XV Forum INT, kt\u00f3re odb\u0119dzie si\u0119 w dniach 18-19 wrze\u015bnia 2019 r. na Wydziale Zarz\u0105dzania i Komunikacji Spo\u0142ecznej Uniwersytetu Jagiello\u0144skiego w Krakowie.<\/p>\n\n\n\n<p>Zapraszamy Pa\u0144stwa do wymiany pogl\u0105d\u00f3w i do\u015bwiadcze\u0144, do dyskusji oraz prezentacji problem\u00f3w teoretycznych, metodologicznych i praktycznych w odniesieniu do zagadnie\u0144 informacji z uwzgl\u0119dnieniem kontekstu interdyscyplinarnego.<\/p>\n\n\n\n<p>Serdecznie zapraszamy do aktywnego udzia\u0142u w XV Krajowym Forum INT.<\/p>\n\n\n\n<p>Z wyrazami szacunku<br>dr hab. Diana Pietruch-Reizes<br>Prezes Zarz\u0105du PTIN<\/p>\n<\/details>\n\n\n\n<details class=\"wp-block-details is-layout-flow wp-block-details-is-layout-flow\"><summary>Organizatorzy<\/summary>\n<p>Organizator konferencji:<\/p>\n\n\n\n<p>POLSKIE TOWARZYSTWO INFORMACJI NAUKOWEJ<\/p>\n\n\n\n<p>Komitet organizacyjny<\/p>\n\n\n\n<p>Przewodnicz\u0105ca \u2013 dr hab. Diana Pietruch-Reizes<\/p>\n\n\n\n<p>Cz\u0142onkowie<\/p>\n\n\n\n<p>dr hab. Renata Fr\u0105czek<br>dr Paloma Koryci\u0144ska<br>dr Anna Matysek<\/p>\n<\/details>\n\n\n\n<details class=\"wp-block-details is-layout-flow wp-block-details-is-layout-flow\"><summary>Miejsce konferencji<\/summary>\n<p>Wydzia\u0142 Zarz\u0105dzania i Komunikacji Spo\u0142ecznej<br>Uniwersytetu Jagiello\u0144skiego<br>ul. prof. St. \u0141ojasiewicza 4, 30-348 Krak\u00f3w<\/p>\n<\/details>\n\n\n\n<details class=\"wp-block-details is-layout-flow wp-block-details-is-layout-flow\"><summary>Terminy<\/summary>\n<ul class=\"wp-block-list\">\n<li>nades\u0142anie formularza zg\u0142oszeniowego<br>nades\u0142anie abstraktu referatu w j\u0119zyku polskim i angielskim<br>zg\u0142aszanie propozycji temat\u00f3w do przedstawienia w ramach sesji posterowych<br><strong><s>do 15 maja 2019<\/s><\/strong> <strong>do 15 lipca 2019<\/strong><\/li>\n\n\n\n<li>przes\u0142anie informacji do autor\u00f3w o przyj\u0119ciu referatu przez Komitet Programowy XV FORUM INT<br><strong>do 15 lipca 2019<\/strong><\/li>\n\n\n\n<li>nades\u0142anie pe\u0142nego tekstu referatu<br><strong>do 15 lipca 2019<\/strong><\/li>\n\n\n\n<li>wniesienie op\u0142aty konferencyjnej<br><strong>do 15 lipca 2019<\/strong><\/li>\n\n\n\n<li>zg\u0142oszenie udzia\u0142u bez referatu<br><strong>do 31 sierpnia 2019<\/strong><\/li>\n\n\n\n<li>konferencja<br><strong>18 \u2013 19 wrze\u015bnia 2019<\/strong><\/li>\n<\/ul>\n\n\n\n<p><\/p>\n\n\n\n<ul class=\"wp-block-list\"><\/ul>\n<\/details>\n\n\n\n<details class=\"wp-block-details is-layout-flow wp-block-details-is-layout-flow\"><summary>Program<\/summary>\n<p><a href=\"https:\/\/ptin.us.edu.pl\/wp-content\/uploads\/2023\/10\/Forum_program-2019.pdf\">Program XV Forum (plik PDF)<\/a><\/p>\n<\/details>\n","protected":false},"excerpt":{"rendered":"<p>18-19.09.2019<\/p>\n","protected":false},"author":1,"featured_media":0,"parent":49,"menu_order":0,"comment_status":"closed","ping_status":"closed","template":"","meta":{"footnotes":""},"class_list":["post-211","page","type-page","status-publish","hentry"],"_links":{"self":[{"href":"https:\/\/ptin.us.edu.pl\/index.php\/wp-json\/wp\/v2\/pages\/211","targetHints":{"allow":["GET"]}}],"collection":[{"href":"https:\/\/ptin.us.edu.pl\/index.php\/wp-json\/wp\/v2\/pages"}],"about":[{"href":"https:\/\/ptin.us.edu.pl\/index.php\/wp-json\/wp\/v2\/types\/page"}],"author":[{"embeddable":true,"href":"https:\/\/ptin.us.edu.pl\/index.php\/wp-json\/wp\/v2\/users\/1"}],"replies":[{"embeddable":true,"href":"https:\/\/ptin.us.edu.pl\/index.php\/wp-json\/wp\/v2\/comments?post=211"}],"version-history":[{"count":2,"href":"https:\/\/ptin.us.edu.pl\/index.php\/wp-json\/wp\/v2\/pages\/211\/revisions"}],"predecessor-version":[{"id":214,"href":"https:\/\/ptin.us.edu.pl\/index.php\/wp-json\/wp\/v2\/pages\/211\/revisions\/214"}],"up":[{"embeddable":true,"href":"https:\/\/ptin.us.edu.pl\/index.php\/wp-json\/wp\/v2\/pages\/49"}],"wp:attachment":[{"href":"https:\/\/ptin.us.edu.pl\/index.php\/wp-json\/wp\/v2\/media?parent=211"}],"curies":[{"name":"wp","href":"https:\/\/api.w.org\/{rel}","templated":true}]}}