{"id":222,"date":"2023-12-16T10:07:59","date_gmt":"2023-12-16T10:07:59","guid":{"rendered":"https:\/\/ptin.us.edu.pl\/?page_id=222"},"modified":"2023-12-16T10:07:59","modified_gmt":"2023-12-16T10:07:59","slug":"xiv-krajowe-forum-informacji-naukowej-i-technicznej","status":"publish","type":"page","link":"https:\/\/ptin.us.edu.pl\/index.php\/konferencje\/xiv-krajowe-forum-informacji-naukowej-i-technicznej\/","title":{"rendered":"XIV Krajowe FORUM Informacji Naukowej i Technicznej"},"content":{"rendered":"\n<p>20-22.09.2017<\/p>\n\n\n\n<details class=\"wp-block-details is-layout-flow wp-block-details-is-layout-flow\"><summary>Zaproszenie i tematyka<\/summary>\n<p>Polskie Towarzystwo Informacji Naukowej organizuje czternast\u0105 ju\u017c, z cyklu Krajowe FORUM Informacji Naukowej i Technicznej, og\u00f3lnopolsk\u0105 konferencj\u0119 naukow\u0105 z udzia\u0142em go\u015bci zagranicznych, pod has\u0142em&nbsp;<strong>Innowacje \u2013 Badania Naukowe -Technologie w Europejskiej Przestrzeni Informacyjnej.<\/strong><\/p>\n\n\n\n<p>Mamy zaszczyt zaprosi\u0107 Pa\u0144stwa do udzia\u0142u w XIV Forum INT, kt\u00f3re odb\u0119dzie si\u0119 w dniach 20 \u2013 22 wrze\u015bnia 2017 r. w Grand Hotelu Stamary po\u0142o\u017conym w centrum Zakopanego, przy ul. Ko\u015bciuszki, w pobli\u017cu Krup\u00f3wek.<\/p>\n\n\n\n<p>Jak zawsze, FORUM INT ma na celu wymian\u0119 pogl\u0105d\u00f3w i do\u015bwiadcze\u0144, dyskusj\u0119 oraz prezentacj\u0119 osi\u0105gni\u0119\u0107 teoretycznych, metodologicznych i praktycznych dotycz\u0105cych szerokiego spektrum zagadnie\u0144 informacji z uwzgl\u0119dnieniem podej\u015bcia interdyscyplinarnego, tworzenia, u\u017cytkowania oraz transformacji wiedzy i informacji w europejskiej przestrzeni informacyjnej.<\/p>\n\n\n\n<p>Szanowni Pa\u0144stwo, serdecznie zapraszamy do aktywnego udzia\u0142u w XIV Krajowym Forum INT.<\/p>\n\n\n\n<p class=\"has-text-align-right\">Z wyrazami szacunku<br>dr hab. Diana Pietruch-Reizes<br>Prezes Zarz\u0105du PTIN<\/p>\n<\/details>\n\n\n\n<details class=\"wp-block-details is-layout-flow wp-block-details-is-layout-flow\"><summary>Organizatorzy<\/summary>\n<p>Organizator konferencji:<\/p>\n\n\n\n<p><strong>POLSKIE TOWARZYSTWO INFORMACJI NAUKOWEJ<\/strong><\/p>\n\n\n\n<p>Komitet organizacyjny:<\/p>\n\n\n\n<p>Przewodnicz\u0105ca \u2013 dr hab. Diana Pietruch-Reizes<\/p>\n\n\n\n<p>Cz\u0142onkowie:<\/p>\n\n\n\n<p>dr Renata Fr\u0105czek<br>dr Paloma Koryci\u0144ska<br>dr Anna Matysek<\/p>\n\n\n\n<p>\ufeff<\/p>\n<\/details>\n\n\n\n<details class=\"wp-block-details is-layout-flow wp-block-details-is-layout-flow\"><summary>Terminy<\/summary>\n<ul class=\"wp-block-list\">\n<li>nades\u0142anie formularza zg\u0142oszeniowego<br>nades\u0142anie abstraktu referatu w j\u0119zyku polskim i angielskim<br>zg\u0142aszanie propozycji temat\u00f3w do przedstawienia w ramach sesji posterowych<br><del><strong>do 30 czerwca 2017<\/strong>&nbsp;<\/del><br><strong>do 31 lipca 2017<\/strong><\/li>\n\n\n\n<li>przes\u0142anie informacji do autor\u00f3w o przyj\u0119ciu referatu przez Komitet Programowy XIV FORUM INT<br><strong>do 31 lipca 2017<\/strong><\/li>\n\n\n\n<li>nades\u0142anie pe\u0142nego tekstu referatu<br><strong>do 31 sierpnia 2017<\/strong><\/li>\n\n\n\n<li>wniesienie op\u0142aty konferencyjnej<br><strong>do 31 lipca 2017<\/strong><\/li>\n\n\n\n<li>konferencja<br><strong>20 \u2013 22 wrze\u015bnia 2017<\/strong><\/li>\n<\/ul>\n<\/details>\n\n\n\n<details class=\"wp-block-details is-layout-flow wp-block-details-is-layout-flow\"><summary>Op\u0142ata konferencyjna<\/summary>\n<p><strong>OP\u0141ATA KONFERENCYJNA<\/strong>&nbsp;(do&nbsp;31 lipca 2017)<\/p>\n\n\n\n<p>Szczeg\u00f3\u0142owe informacje znajd\u0105 Pa\u0144stwo&nbsp;<strong>w formularzu zg\u0142oszeniowym.<\/strong><\/p>\n\n\n\n<p>Dla Pa\u0144stwa przygotowali\u015bmy 2 wersje op\u0142aty konferencyjnej (do wyboru):<\/p>\n\n\n\n<ul class=\"wp-block-list\">\n<li>op\u0142ata konferencyjna bez nocleg\u00f3w (uczestnicy we w\u0142asnym zakresie organizuj\u0105 noclegi)<\/li>\n<\/ul>\n\n\n\n<p>lub<\/p>\n\n\n\n<ul class=\"wp-block-list\">\n<li>op\u0142ata konferencyjna z noclegami (specjalna cena dla uczestnik\u00f3w) w miejscu obrad konferencji w Grand Hotelu Stamary<\/li>\n<\/ul>\n\n\n\n<p>Wszystkich zainteresowanych udzia\u0142em w XIV Forum INT prosimy o wniesienie op\u0142aty&nbsp;<strong>najp\u00f3\u017aniej do dnia&nbsp;31 lipca 2017&nbsp;na konto:<\/strong><\/p>\n\n\n\n<p>POLSKIE TOWARZYSTWO INFORMACJI NAUKOWEJ<br>PKO BP S.A. Oddzia\u0142 2 w Katowicach<br>nr rachunku&nbsp;<strong>72 1020 2313 0000 3502 0145 1798<\/strong><br>z dopiskiem:&nbsp;<strong>XIV Krajowe FORUM INT<br><u>wraz z nazwiskiem uczestnika.<\/u><\/strong><\/p>\n<\/details>\n\n\n\n<details class=\"wp-block-details is-layout-flow wp-block-details-is-layout-flow\"><summary>Program<\/summary>\n<p><a href=\"https:\/\/ptin.us.edu.pl\/wp-content\/uploads\/2023\/12\/program-Forum.pdf\">Program konferencji (PDF)<\/a><\/p>\n<\/details>\n","protected":false},"excerpt":{"rendered":"<p>20-22.09.2017<\/p>\n","protected":false},"author":1,"featured_media":0,"parent":49,"menu_order":0,"comment_status":"closed","ping_status":"closed","template":"","meta":{"footnotes":""},"class_list":["post-222","page","type-page","status-publish","hentry"],"_links":{"self":[{"href":"https:\/\/ptin.us.edu.pl\/index.php\/wp-json\/wp\/v2\/pages\/222","targetHints":{"allow":["GET"]}}],"collection":[{"href":"https:\/\/ptin.us.edu.pl\/index.php\/wp-json\/wp\/v2\/pages"}],"about":[{"href":"https:\/\/ptin.us.edu.pl\/index.php\/wp-json\/wp\/v2\/types\/page"}],"author":[{"embeddable":true,"href":"https:\/\/ptin.us.edu.pl\/index.php\/wp-json\/wp\/v2\/users\/1"}],"replies":[{"embeddable":true,"href":"https:\/\/ptin.us.edu.pl\/index.php\/wp-json\/wp\/v2\/comments?post=222"}],"version-history":[{"count":2,"href":"https:\/\/ptin.us.edu.pl\/index.php\/wp-json\/wp\/v2\/pages\/222\/revisions"}],"predecessor-version":[{"id":225,"href":"https:\/\/ptin.us.edu.pl\/index.php\/wp-json\/wp\/v2\/pages\/222\/revisions\/225"}],"up":[{"embeddable":true,"href":"https:\/\/ptin.us.edu.pl\/index.php\/wp-json\/wp\/v2\/pages\/49"}],"wp:attachment":[{"href":"https:\/\/ptin.us.edu.pl\/index.php\/wp-json\/wp\/v2\/media?parent=222"}],"curies":[{"name":"wp","href":"https:\/\/api.w.org\/{rel}","templated":true}]}}