{"id":248,"date":"2024-09-19T05:52:10","date_gmt":"2024-09-19T05:52:10","guid":{"rendered":"https:\/\/ptin.us.edu.pl\/?page_id=248"},"modified":"2024-11-28T09:42:59","modified_gmt":"2024-11-28T09:42:59","slug":"x-ogolnopolska-konferencja-naukowa-online-5-6-grudnia-2024-r","status":"publish","type":"page","link":"https:\/\/ptin.us.edu.pl\/index.php\/konferencje\/x-ogolnopolska-konferencja-naukowa-online-5-6-grudnia-2024-r\/","title":{"rendered":"X OG\u00d3LNOPOLSKA KONFERENCJA NAUKOWA"},"content":{"rendered":"\n<h2 class=\"wp-block-heading has-text-align-center has-large-font-size\"><strong>ZARZ\u0104DZANIE &nbsp;INFORMACJ\u0104 &nbsp;W &nbsp;NAUCE<\/strong><\/h2>\n\n\n\n<h2 class=\"wp-block-heading has-text-align-center has-large-font-size\">WYMIAR SZTUCZNEJ INTELIGENCJI<\/h2>\n\n\n\n<p class=\"has-text-align-center\" style=\"font-size:clamp(0.984rem, 0.984rem + ((1vw - 0.2rem) * 0.938), 1.5rem);\">5 &#8211; 6 grudnia 2024 r. online<\/p>\n\n\n\n<hr class=\"wp-block-separator has-alpha-channel-opacity\"\/>\n\n\n\n<p class=\"has-text-align-center\" style=\"font-size:clamp(0.984rem, 0.984rem + ((1vw - 0.2rem) * 0.938), 1.5rem);\">90-LECIE<\/p>\n\n\n\n<p class=\"has-text-align-center\" style=\"font-size:clamp(0.984rem, 0.984rem + ((1vw - 0.2rem) * 0.938), 1.5rem);\"><em>TRAKTATU O DOKUMENTACJI <\/em>PAULA OTLETA<\/p>\n\n\n\n<hr class=\"wp-block-separator has-alpha-channel-opacity\"\/>\n\n\n\n<div style=\"height:30px\" aria-hidden=\"true\" class=\"wp-block-spacer\"><\/div>\n\n\n\n<p class=\"has-text-align-center has-medium-font-size\">Z A P R A S Z A J \u0104<\/p>\n\n\n\n<figure class=\"wp-block-image aligncenter size-full\"><img loading=\"lazy\" decoding=\"async\" width=\"104\" height=\"128\" src=\"https:\/\/ptin.us.edu.pl\/wp-content\/uploads\/2024\/09\/PTIN_1.png\" alt=\"\" class=\"wp-image-255\"\/><\/figure>\n\n\n\n<p class=\"has-text-align-center has-medium-font-size\">POLSKIE TOWARZYSTWO INFORMACJI NAUKOWEJ<\/p>\n\n\n\n<figure class=\"wp-block-image aligncenter size-full\"><img loading=\"lazy\" decoding=\"async\" width=\"106\" height=\"136\" src=\"https:\/\/ptin.us.edu.pl\/wp-content\/uploads\/2024\/09\/UJ.png\" alt=\"\" class=\"wp-image-256\"\/><\/figure>\n\n\n\n<p class=\"has-text-align-center has-medium-font-size\">ZAK\u0141AD ZARZ\u0104DZANIA INFORMACJ\u0104<br>Instytutu Studi\u00f3w Informacyjnych<br>Uniwersytetu Jagiello\u0144skiego<\/p>\n\n\n\n<p class=\"has-text-align-center has-medium-font-size\">przy wsp\u00f3\u0142pracy<\/p>\n\n\n\n<figure class=\"wp-block-image aligncenter size-full\"><img loading=\"lazy\" decoding=\"async\" width=\"106\" height=\"104\" src=\"https:\/\/ptin.us.edu.pl\/wp-content\/uploads\/2024\/09\/ISKO.png\" alt=\"\" class=\"wp-image-257\"\/><\/figure>\n\n\n\n<p class=\"has-text-align-center has-medium-font-size\">Mi\u0119dzynarodowego Towarzystwa Organizacji Wiedzy<\/p>\n\n\n\n<p class=\"has-text-align-center has-medium-font-size\">(International Society for Knowledge Organization &#8211; ISKO), ISKO PL<\/p>\n\n\n\n<div style=\"height:30px\" aria-hidden=\"true\" class=\"wp-block-spacer\"><\/div>\n\n\n\n<details class=\"wp-block-details is-layout-flow wp-block-details-is-layout-flow\"><summary>Zaproszenie<\/summary>\n<p><em>Szanowni Pa\u0144stwo,<\/em><\/p>\n\n\n\n<p><em>Polskie Towarzystwo Informacji Naukowej oraz Zak\u0142ad Zarz\u0105dzania Informacj\u0105 Instytutu Studi\u00f3w Informacyjnych Uniwersytetu Jagiello\u0144skiego przy wsp\u00f3\u0142pracy ISKO PL (International Society for Knowledge Organization &#8211; ISKO) serdecznie zapraszaj\u0105 na X Og\u00f3lnopolsk\u0105 Konferencj\u0119 Naukow\u0105 z cyklu: <strong>Zarz\u0105dzanie informacj\u0105 w nauce<\/strong>.<\/em><\/p>\n\n\n\n<p><em>Wydarzenie to zaplanowano 5-6 grudnia 2024 r. w trybie zdalnym wideokonferencji w MS Teams. Wzorem wcze\u015bniejszych edycji, konferencja b\u0119dzie po\u015bwi\u0119cona szeroko ujmowanym zagadnieniom funkcjonowania informacji w nauce z uwzgl\u0119dnieniem kontekstu otwartej nauki, otwartych innowacji, nowych ICT w zmieniaj\u0105cym si\u0119 \u015bwiecie, w tym wyzwa\u0144 sztucznej inteligencji.<\/em><\/p>\n\n\n\n<p><em>W tym roku mija 90 lat od opublikowania w 1934 roku przez Editions Mundaneum w Brukseli najwa\u017cniejszej pracy Paula Otleta &#8211; Traktatu o dokumentacji \/ Trait\u00e9 de Documentation (1934). To by\u0142 znacz\u0105cy moment w historii nauk o informacji, jak r\u00f3wnie\u017c historii organizacji informacji i wiedzy. Dlatego, pragniemy z\u0142o\u017cy\u0107 ho\u0142d dzie\u0142u Otleta, na nowo \u201eodczyta\u0107\u201d <strong>Traktat<\/strong> w dzisiejszym \u015bwiecie zaawansowanych technologii cyfrowych.<\/em><\/p>\n\n\n\n<p><em>Zapraszamy Pa\u0144stwa do prezentacji w\u0142asnych bada\u0144, dzielenia si\u0119 do\u015bwiadczeniami w odniesieniu do problem\u00f3w zarz\u0105dzania danymi, informacj\u0105 i wiedz\u0105 w systemie nauki i innowacji, wykorzystania nowych technologii informacyjno- komunikacyjnych w celu optymalizacji systemu informacji i komunikacji naukowej. Zach\u0119camy Pa\u0144stwa do rozwa\u017ca\u0144 wok\u00f3\u0142 wyzwa\u0144 sztucznej inteligencji w przestrzeni informacyjno-komunikacyjnej nauki.<\/em><\/p>\n\n\n\n<p><em>Serdecznie zapraszamy przedstawicieli instytucji naukowych reprezentuj\u0105cych nauki o informacji, komunikacji spo\u0142ecznej i dyscyplin pokrewnych, pracownik\u00f3w systemu szkolnictwa wy\u017cszego i nauki, w tym uczelni, bibliotek naukowych tworz\u0105cych system biblioteczno-informacyjny uczelni, pracownik\u00f3w centr\u00f3w transferu wiedzy i technologii oraz przedstawicieli sfery gospodarczej, przedsi\u0119biorc\u00f3w, instytucji samorz\u0105dowych<\/em><\/p>\n\n\n\n<p class=\"has-text-align-right\"><em>Dr hab. Diana Pietruch-Reizes, prof. UJ<\/em><\/p>\n\n\n\n<p class=\"has-text-align-right\"><em>Prezes Zarz\u0105du PTIN<\/em><\/p>\n<\/details>\n\n\n\n<details class=\"wp-block-details is-layout-flow wp-block-details-is-layout-flow\"><summary>Organizatorzy<\/summary>\n<p>Organizator konferencji:<\/p>\n\n\n\n<p><strong>POLSKIE TOWARZYSTWO INFORMACJI NAUKOWEJ<\/strong><\/p>\n\n\n\n<ul class=\"wp-block-list\">\n<li>dr hab. Diana Pietruch-Reizes, prof. UJ, Uniwersytet Jagiello\u0144ski; PTIN \u2013 przewodnicz\u0105ca<\/li>\n<\/ul>\n\n\n\n<p>Wsp\u00f3\u0142organizator merytoryczny:<\/p>\n\n\n\n<ul class=\"wp-block-list\">\n<li><strong>Zak\u0142ad Zarz\u0105dzania Informacj\u0105 Instytutu Studi\u00f3w Informacyjnych Uniwersytetu Jagiello\u0144skiego<\/strong><\/li>\n\n\n\n<li><strong>ISKO PL (International Society for Knowledge Organization), <\/strong>prof. dr hab. Wies\u0142aw Babik<\/li>\n<\/ul>\n<\/details>\n\n\n\n<details class=\"wp-block-details is-layout-flow wp-block-details-is-layout-flow\"><summary>Rada Naukowa<\/summary>\n<p class=\"has-small-font-size\">prof. dr hab. Wies\u0142aw Babik<\/p>\n\n\n\n<p class=\"has-small-font-size\">Uniwersytet Jagiello\u0144ski<\/p>\n\n\n\n<div style=\"height:6px\" aria-hidden=\"true\" class=\"wp-block-spacer\"><\/div>\n\n\n\n<p class=\"has-small-font-size\">dr hab. Aneta Firlej-Buzon, prof. Uwr<\/p>\n\n\n\n<p class=\"has-small-font-size\">Uniwersytet Wroc\u0142awski<\/p>\n\n\n\n<div style=\"height:6px\" aria-hidden=\"true\" class=\"wp-block-spacer\"><\/div>\n\n\n\n<p class=\"has-small-font-size\">dr hab. Katarzyna Materska, prof. U\u015a<\/p>\n\n\n\n<p class=\"has-small-font-size\">Uniwersytet \u015al\u0105ski<\/p>\n\n\n\n<div style=\"height:6px\" aria-hidden=\"true\" class=\"wp-block-spacer\"><\/div>\n\n\n\n<p class=\"has-small-font-size\">dr hab. Diana Pietruch-Reizes, prof. UJ<\/p>\n\n\n\n<p class=\"has-small-font-size\">Uniwersytet Jagiello\u0144ski<\/p>\n\n\n\n<p class=\"has-small-font-size\">Polskie Towarzystwo Informacji Naukowej<\/p>\n\n\n\n<div style=\"height:6px\" aria-hidden=\"true\" class=\"wp-block-spacer\"><\/div>\n\n\n\n<p class=\"has-small-font-size\">dr hab. Remigiusz Sapa, prof. UJ<\/p>\n\n\n\n<p class=\"has-small-font-size\">Uniwersytet Jagiello\u0144ski, Biblioteka Jagiello\u0144ska<\/p>\n\n\n\n<div style=\"height:6px\" aria-hidden=\"true\" class=\"wp-block-spacer\"><\/div>\n\n\n\n<p class=\"has-small-font-size\">prof. dr hab. Barbara Sosi\u0144ska-Kalata<\/p>\n\n\n\n<p class=\"has-small-font-size\">Uniwersytet Warszawski<\/p>\n\n\n\n<div style=\"height:6px\" aria-hidden=\"true\" class=\"wp-block-spacer\"><\/div>\n\n\n\n<p class=\"has-small-font-size\">prof. dr hab. Jadwiga Wo\u017aniak-Kasperek<\/p>\n\n\n\n<p class=\"has-small-font-size\">Uniwersytet Warszawski<\/p>\n\n\n\n<div style=\"height:6px\" aria-hidden=\"true\" class=\"wp-block-spacer\"><\/div>\n\n\n\n<p class=\"has-small-font-size\">dr hab. Magdalena W\u00f3jcik, prof. UJ<\/p>\n\n\n\n<p class=\"has-small-font-size\">Uniwersytet Jagiello\u0144ski<\/p>\n<\/details>\n\n\n\n<details class=\"wp-block-details is-layout-flow wp-block-details-is-layout-flow\"><summary>Tematyka<\/summary>\n<p>Przedmiotem rozwa\u017ca\u0144 b\u0119d\u0105 zagadnienia teoretyczne i do\u015bwiadczenia praktyczne, w szczeg\u00f3lno\u015bci:<\/p>\n\n\n\n<ul class=\"wp-block-list\">\n<li>procesy informacyjne zachodz\u0105ce w systemie nauki &#8211; tworzenie, gromadzenie, przechowywanie, przetwarzanie, udost\u0119pnianie i upowszechnianie informacji naukowej i naukowo-technicznej<\/li>\n\n\n\n<li>zarz\u0105dzanie informacj\u0105 i wiedz\u0105 w instytucjach naukowych w kontek\u015bcie AI<\/li>\n\n\n\n<li>zasoby wiedzy naukowej i technologicznej dost\u0119pne w uniwersytetach i instytucjach badawczych<\/li>\n\n\n\n<li>kreowanie i u\u017cytkowanie wiedzy za pomoc\u0105 nowoczesnych technologii informacyjnych i komunikacyjnych; bibliometria, informetria, naukometria i webometria<\/li>\n\n\n\n<li>zdobywanie, rozpowszechnianie i wykorzystanie wiedzy jako podstawa systemu naukowo-badawczego, otwarcie dost\u0119pu do wiedzy (wynik\u00f3w bada\u0144 naukowych), jej przep\u0142yw w spo\u0142ecze\u0144stwie; zasoby wiedzy naukowej i technologicznej dost\u0119pne w uniwersytetach i instytucjach badawczych<\/li>\n\n\n\n<li>biblioteki uniwersyteckie i o\u015brodki badawcze; tworzenie bibliotek internetowych, repozytori\u00f3w wiedzy naukowej, baz publikacji<\/li>\n\n\n\n<li>otwarty dost\u0119p do danych badawczych \u2013 problemy organizacyjne, techniczne i prawne<\/li>\n\n\n\n<li>zarz\u0105dzanie w\u0142asno\u015bci\u0105 intelektualn\u0105 i transfer wiedzy pomi\u0119dzy uczelniami wy\u017cszymi i przedsi\u0119biorstwami.<\/li>\n\n\n\n<li>nowatorskie sposoby komunikacji naukowej, absorpcji wiedzy<\/li>\n\n\n\n<li>infrastruktury informatyczne, informacyjne i telekomunikacyjne dla nauki<\/li>\n\n\n\n<li>\u2026<\/li>\n\n\n\n<li><strong>Zapraszamy do przesy\u0142ania propozycji referat\u00f3w w odniesieniu do powy\u017cszych zagadnie\u0144 tematycznych, jak r\u00f3wnie\u017c innych problem\u00f3w zwi\u0105zanych z zarz\u0105dzaniem informacj\u0105 w systemie nauki.<\/strong><\/li>\n<\/ul>\n<\/details>\n\n\n\n<details class=\"wp-block-details is-layout-flow wp-block-details-is-layout-flow\"><summary>Terminy<\/summary>\n<figure class=\"wp-block-table\"><table><tbody><tr><td>nades\u0142anie formularza zg\u0142oszeniowego (uczestnictwo z referatem) i abstraktu w j\u0119zyku polskim i angielskim<\/td><td><strong>do 31 pa\u017adziernika 2024<\/strong><\/td><\/tr><tr><td>akceptacja zg\u0142oszenia referatu przez Rad\u0119 Programow\u0105&nbsp;&nbsp;&nbsp;&nbsp;&nbsp;&nbsp;&nbsp;&nbsp;&nbsp;&nbsp;&nbsp;&nbsp;&nbsp;&nbsp;&nbsp;&nbsp; &nbsp;&nbsp;&nbsp;&nbsp;&nbsp;&nbsp;&nbsp;&nbsp;&nbsp;<\/td><td><strong>do 15 listopada 2024<\/strong><\/td><\/tr><tr><td>nades\u0142anie formularza zg\u0142oszeniowego (uczestnictwo bez referatu)<\/td><td><strong>do 30 listopada 2024<\/strong><\/td><\/tr><tr><td>konferencja<\/td><td><strong>5-6 grudnia 2024<\/strong><\/td><\/tr><\/tbody><\/table><\/figure>\n<\/details>\n\n\n\n<details class=\"wp-block-details is-layout-flow wp-block-details-is-layout-flow\"><summary>Formularz zg\u0142oszeniowy \/ Rejestracja elektroniczna<\/summary>\n<p>Link do formularza: <a href=\"https:\/\/forms.office.com\/e\/z66JfqiUv8\">https:\/\/forms.office.com\/e\/z66JfqiUv8<\/a><\/p>\n<\/details>\n\n\n\n<details class=\"wp-block-details is-layout-flow wp-block-details-is-layout-flow\"><summary>Sesje tematyczne<\/summary>\n<figure class=\"wp-block-table alignleft\"><table class=\"has-fixed-layout\"><tbody><tr><td class=\"has-text-align-left\" data-align=\"left\">90-LECIE TRAKTATU O DOKUMENTACJI PAULA OTLETA<p class=\"MsoNormal\" align=\"center\" style=\"margin: 0cm 0cm 10pt; text-align: center; line-height: 16.8667px; font-size: 11pt; font-family: Calibri, sans-serif; color: rgb(0, 0, 0); white-space-collapse: collapse; background: rgb(193, 240, 199);\"><b><span style=\"font-size: 12pt; line-height: 18.4px; font-family: &quot;Times New Roman&quot;, serif; text-transform: uppercase;\"><\/span><\/b><\/p><\/td><\/tr><tr><td class=\"has-text-align-left\" data-align=\"left\">S1&nbsp;&nbsp;&nbsp;&nbsp;&nbsp;&nbsp; WYZWANIA SZTUCZNEJ INTELIGENCJI DLA WSP\u00d3\u0141CZESNEGO ZARZ\u0104DZANIA INFORMACJ\u0104 I KOMUNIKACJ\u0104 W NAUCE<\/td><\/tr><tr><td class=\"has-text-align-left\" data-align=\"left\">S2&nbsp;&nbsp;&nbsp;&nbsp;&nbsp;&nbsp; PRACOWNICY INFORMACJI I WIEDZY \u2013 WCZORAJ, DZI\u015a, JUTRO<\/td><\/tr><tr><td class=\"has-text-align-left\" data-align=\"left\">S3&nbsp;&nbsp;&nbsp;&nbsp;&nbsp;&nbsp; ZARZ\u0104DZANIE INFORMACJ\u0104 I WIEDZ\u0104 W NAUKACH HUMANISTYCZNYCH I NAUKACH SPO\u0141ECZNYCH<\/td><\/tr><tr><td class=\"has-text-align-left\" data-align=\"left\">S4&nbsp;&nbsp;&nbsp;&nbsp;&nbsp;&nbsp; ZARZ\u0104DZANIE INFORMACJ\u0104 I WIEDZ\u0104 W NAUKACH MEDYCZNYCH I NAUKACH O ZDROWIU<\/td><\/tr><tr><td class=\"has-text-align-left\" data-align=\"left\">S5&nbsp;&nbsp;&nbsp;&nbsp;&nbsp;&nbsp; ZARZ\u0104DZANIE INFORMACJ\u0104 I WIEDZ\u0104 W NAUKACH \u015aCIS\u0141YCH I PRZYRODNICZYCH ORAZ W NAUKACH IN\u017bYNIERYJNO-TECHNICZNYCH<\/td><\/tr><\/tbody><\/table><\/figure>\n<\/details>\n\n\n\n<details class=\"wp-block-details is-layout-flow wp-block-details-is-layout-flow\"><summary>Program ramowy<\/summary>\n<figure class=\"wp-block-table\"><table><tbody><tr><td colspan=\"2\"><strong>Czwartek, 5.12.2024<\/strong> <strong>&nbsp;I dzie\u0144 konferencji<\/strong><strong><\/strong><\/td><\/tr><tr><td>10.00 \u2013 10.30<\/td><td>Otwarcie konferencji &nbsp;<\/td><\/tr><tr><td>10.30 \u2013 13.00<\/td><td>Sesja 90-lecie <em>Traktatu o Dokumentacji&nbsp; <\/em>Paula Otleta &nbsp;<\/td><\/tr><tr><td>14.00 \u2013 16.00<\/td><td><strong>S1<\/strong> SESJA TEMATYCZNA &nbsp;<\/td><\/tr><tr><td>16.15 \u2013 18.15<\/td><td><strong>S2<\/strong> SESJA TEMATYCZNA &nbsp;<\/td><\/tr><tr><td colspan=\"2\"><strong>Pi\u0105tek, 6.12.2024<\/strong> <strong>II dzie\u0144 konferencji<\/strong><strong><\/strong><\/td><\/tr><tr><td>10.00 \u2013 12.00<\/td><td><strong>S3<\/strong> SESJA TEMATYCZNA &nbsp;<\/td><\/tr><tr><td>13.00 \u2013 15.00<\/td><td><strong>S4<\/strong> SESJA TEMATYCZNA &nbsp;<\/td><\/tr><tr><td>15.15 \u2013 17.00<\/td><td><strong>S5<\/strong> SESJA TEMATYCZNA &nbsp;<\/td><\/tr><\/tbody><\/table><\/figure>\n<\/details>\n\n\n\n<details class=\"wp-block-details is-layout-flow wp-block-details-is-layout-flow\"><summary>Program konferencji<\/summary>\n<p><a href=\"https:\/\/ptin.us.edu.pl\/wp-content\/uploads\/2024\/11\/ZIwN_2024_program.pdf\">Program konferencji w formacie PDF<\/a><\/p>\n<\/details>\n\n\n\n<details class=\"wp-block-details is-layout-flow wp-block-details-is-layout-flow\"><summary>Referaty i publikacja<\/summary>\n<p>Organizatorzy przewiduj\u0105 publikacje tekst\u00f3w artyku\u0142\u00f3w (<strong>nades\u0142anych do 10 grudnia 2024<\/strong>) w recenzowanej monografii naukowej.<\/p>\n\n\n\n<p>Teksty (10-15 stron, wersja elektroniczna) w celu ujednolicenia ich formy i przygotowania do publikacji prosimy przygotowa\u0107 wed\u0142ug podanych wskaz\u00f3wek na stronie&nbsp; <a href=\"http:\/\/www.ptin.org.pl\">www.ptin.org.pl<\/a><\/p>\n<\/details>\n","protected":false},"excerpt":{"rendered":"<p>ZARZ\u0104DZANIE &nbsp;INFORMACJ\u0104 &nbsp;W &nbsp;NAUCE WYMIAR SZTUCZNEJ INTELIGENCJI 5 &#8211; 6 grudnia 2024 r. online 90-LECIE TRAKTATU O DOKUMENTACJI PAULA OTLETA Z A P R A S Z A J \u0104 POLSKIE TOWARZYSTWO INFORMACJI NAUKOWEJ ZAK\u0141AD ZARZ\u0104DZANIA INFORMACJ\u0104Instytutu Studi\u00f3w InformacyjnychUniwersytetu Jagiello\u0144skiego przy wsp\u00f3\u0142pracy Mi\u0119dzynarodowego Towarzystwa Organizacji Wiedzy (International Society for Knowledge Organization &#8211; ISKO), ISKO PL<\/p>\n","protected":false},"author":1,"featured_media":0,"parent":49,"menu_order":0,"comment_status":"closed","ping_status":"closed","template":"","meta":{"footnotes":""},"class_list":["post-248","page","type-page","status-publish","hentry"],"_links":{"self":[{"href":"https:\/\/ptin.us.edu.pl\/index.php\/wp-json\/wp\/v2\/pages\/248","targetHints":{"allow":["GET"]}}],"collection":[{"href":"https:\/\/ptin.us.edu.pl\/index.php\/wp-json\/wp\/v2\/pages"}],"about":[{"href":"https:\/\/ptin.us.edu.pl\/index.php\/wp-json\/wp\/v2\/types\/page"}],"author":[{"embeddable":true,"href":"https:\/\/ptin.us.edu.pl\/index.php\/wp-json\/wp\/v2\/users\/1"}],"replies":[{"embeddable":true,"href":"https:\/\/ptin.us.edu.pl\/index.php\/wp-json\/wp\/v2\/comments?post=248"}],"version-history":[{"count":23,"href":"https:\/\/ptin.us.edu.pl\/index.php\/wp-json\/wp\/v2\/pages\/248\/revisions"}],"predecessor-version":[{"id":301,"href":"https:\/\/ptin.us.edu.pl\/index.php\/wp-json\/wp\/v2\/pages\/248\/revisions\/301"}],"up":[{"embeddable":true,"href":"https:\/\/ptin.us.edu.pl\/index.php\/wp-json\/wp\/v2\/pages\/49"}],"wp:attachment":[{"href":"https:\/\/ptin.us.edu.pl\/index.php\/wp-json\/wp\/v2\/media?parent=248"}],"curies":[{"name":"wp","href":"https:\/\/api.w.org\/{rel}","templated":true}]}}