{"id":281,"date":"2024-10-09T14:02:14","date_gmt":"2024-10-09T14:02:14","guid":{"rendered":"https:\/\/ptin.us.edu.pl\/?page_id=281"},"modified":"2024-10-11T08:29:25","modified_gmt":"2024-10-11T08:29:25","slug":"information-management-in-science","status":"publish","type":"page","link":"https:\/\/ptin.us.edu.pl\/index.php\/information-management-in-science\/","title":{"rendered":"X Information Management in Science"},"content":{"rendered":"\n<h2 class=\"wp-block-heading has-text-align-center has-large-font-size\">Dimension of artificial intelligence<\/h2>\n\n\n\n<p class=\"has-text-align-center\" style=\"font-size:clamp(0.984rem, 0.984rem + ((1vw - 0.2rem) * 0.938), 1.5rem);\">December 5-6, 2024, online<\/p>\n\n\n\n<hr class=\"wp-block-separator has-alpha-channel-opacity\"\/>\n\n\n\n<p class=\"has-text-align-center\" style=\"font-size:clamp(0.984rem, 0.984rem + ((1vw - 0.2rem) * 0.938), 1.5rem);\">90th Anniversary of Paul Otlet&#8217;s<\/p>\n\n\n\n<p class=\"has-text-align-center\" style=\"font-size:clamp(0.984rem, 0.984rem + ((1vw - 0.2rem) * 0.938), 1.5rem);\"><em>Trait\u00e9 de documentation<\/em><\/p>\n\n\n\n<hr class=\"wp-block-separator has-alpha-channel-opacity\"\/>\n\n\n\n<div style=\"height:30px\" aria-hidden=\"true\" class=\"wp-block-spacer\"><\/div>\n\n\n\n<p class=\"has-text-align-center has-medium-font-size\">I N V I T E :<\/p>\n\n\n\n<figure class=\"wp-block-image aligncenter size-full\"><img loading=\"lazy\" decoding=\"async\" width=\"104\" height=\"128\" src=\"https:\/\/ptin.us.edu.pl\/wp-content\/uploads\/2024\/09\/PTIN_1.png\" alt=\"\" class=\"wp-image-255\"\/><\/figure>\n\n\n\n<p class=\"has-text-align-center has-medium-font-size\">POLISH SOCIETY FOR SCIENTIFIC INFORMATION<\/p>\n\n\n\n<figure class=\"wp-block-image aligncenter size-full\"><img loading=\"lazy\" decoding=\"async\" width=\"106\" height=\"136\" src=\"https:\/\/ptin.us.edu.pl\/wp-content\/uploads\/2024\/09\/UJ.png\" alt=\"\" class=\"wp-image-256\"\/><\/figure>\n\n\n\n<p class=\"has-text-align-center has-medium-font-size\">DEPARTMENT OF INFORMATION MANAGEMENT<br>Institute of Information Studies<br>&nbsp;Jagiellonian University<\/p>\n\n\n\n<p class=\"has-text-align-center has-medium-font-size\">in cooperation with<\/p>\n\n\n\n<figure class=\"wp-block-image aligncenter size-full\"><img loading=\"lazy\" decoding=\"async\" width=\"106\" height=\"104\" src=\"https:\/\/ptin.us.edu.pl\/wp-content\/uploads\/2024\/09\/ISKO.png\" alt=\"\" class=\"wp-image-257\"\/><\/figure>\n\n\n\n<p class=\"has-text-align-center has-medium-font-size\">International Society for Knowledge Organization, ISKO PL<\/p>\n\n\n\n<div style=\"height:30px\" aria-hidden=\"true\" class=\"wp-block-spacer\"><\/div>\n\n\n\n<details class=\"wp-block-details is-layout-flow wp-block-details-is-layout-flow\"><summary>Invitation<\/summary>\n<p><em>Dear Ladies and Gentlemen,<\/em><\/p>\n\n\n\n<p><em>&#8222;The Polish Society for Scientific Information and the Department of Information Management at the Institute of Information Studies of the Jagiellonian University, in cooperation with ISKO PL (International Society for Knowledge Organization &#8211; ISKO), cordially invite you to the 10th National Scientific Conference in the series: <strong>Information Management in Science<\/strong>.<\/em><\/p>\n\n\n\n<p><em>The event is scheduled for December 5-6, 2024, and will take place remotely via MS Teams videoconferencing. Following the model of previous editions, the conference will be dedicated to broadly understood issues related to the functioning of information in science, taking into account the context of open science, open innovation, new ICT in a changing world, including the challenges of artificial intelligence.<\/em><\/p>\n\n\n\n<p><em>This year marks 90 years since the publication of Paul Otlet&#8217;s most important work, Trait\u00e9 de Documentation (1934), by Editions Mundaneum in Brussels in 1934. It was a significant moment in the history of information science, as well as in the history of information and knowledge organization. Therefore, we wish to pay tribute to Otlet&#8217;s work and 're-read&#8217; the Treaty in today&#8217;s world of advanced digital technologies.<\/em><\/p>\n\n\n\n<p><em>We invite you to present your own research and share experience related to issues of data, information, and knowledge management in the science and innovation system, as well as the use of new information and communication technologies to optimize the scientific information and communication system. We encourage you to reflect on the challenges of artificial intelligence in the information and communication space of science.<\/em><\/p>\n\n\n\n<p><em>We cordially invite representatives of scientific institutions representing information science, social communication, and related disciplines, employees of the higher education and science system, including universities and academic libraries forming the university library and information system, employees of knowledge and technology transfer centers, as well as representatives from the business sector, entrepreneurs, and local government institutions.<\/em><\/p>\n\n\n\n<p class=\"has-text-align-right\"><em>Dr hab. Diana Pietruch-Reizes, prof. UJ<\/em><\/p>\n\n\n\n<p class=\"has-text-align-right\"><em>President of the PTIN Board<\/em><\/p>\n<\/details>\n\n\n\n<details class=\"wp-block-details is-layout-flow wp-block-details-is-layout-flow\"><summary>Organizers<\/summary>\n<p>Conference organizer:<\/p>\n\n\n\n<p><strong>POLISH SOCIETY FOR SCIENTIFIC INFORMATION<\/strong> <strong>(PTIN)<\/strong><\/p>\n\n\n\n<ul class=\"wp-block-list\">\n<li>dr hab. Diana Pietruch-Reizes, prof. UJ, Jagiellonian University; PTIN \u2013 President<\/li>\n<\/ul>\n\n\n\n<p>Substantive Co-organizer:<\/p>\n\n\n\n<ul class=\"wp-block-list\">\n<li><strong>Department of Information Management, Institute of Information Studies, Jagiellonian University<\/strong><\/li>\n\n\n\n<li><strong>ISKO PL (International Society for Knowledge Organization), <\/strong>prof. dr hab. Wies\u0142aw Babik<\/li>\n<\/ul>\n<\/details>\n\n\n\n<details class=\"wp-block-details is-layout-flow wp-block-details-is-layout-flow\"><summary>Scope<\/summary>\n<p>The subject of discussion will include theoretical issues and practical experiences, in particular:<\/p>\n\n\n\n<ul class=\"wp-block-list\">\n<li>Information processes occurring within the science system \u2013 creation, collection, storage, processing, sharing, and dissemination of scientific and scientific-technical information.<\/li>\n\n\n\n<li>Information and knowledge management in scientific institutions in the context of AI.<\/li>\n\n\n\n<li>Scientific and technological knowledge resources available at universities and research institutions.<\/li>\n\n\n\n<li>Creation and utilization of knowledge through modern information and communication technologies; bibliometrics, informetrics, scientometrics, and webometrics.<\/li>\n\n\n\n<li>Acquisition, dissemination, and utilization of knowledge as the foundation of the scientific research system, open access to knowledge (research results), and its flow within society; scientific and technological knowledge resources available at universities and research institutions.<\/li>\n\n\n\n<li>University libraries and research centers; creating digital libraries, scientific knowledge repositories, and publication databases.<\/li>\n\n\n\n<li>Open access to research data \u2013 organizational, technical, and legal issues.<\/li>\n\n\n\n<li>Intellectual property management and knowledge transfer between universities and enterprises.<\/li>\n\n\n\n<li>Innovative methods of scientific communication and knowledge absorption.<\/li>\n\n\n\n<li>IT, information, and telecommunications infrastructures for science.<\/li>\n\n\n\n<li>&#8230;<\/li>\n\n\n\n<li><strong>We invite you to submit proposals for papers related to the above thematic issues, as well as other problems associated with information management in the science system.<\/strong><\/li>\n<\/ul>\n<\/details>\n\n\n\n<details class=\"wp-block-details is-layout-flow wp-block-details-is-layout-flow\"><summary>Dates<\/summary>\n<figure class=\"wp-block-table\"><table><tbody><tr><td>submission of the registration form (participation with a paper) and the abstract in English<\/td><td><strong>by October 31, 2024<\/strong><\/td><\/tr><tr><td>acceptance of the paper submission by the Program Council&nbsp;&nbsp;&nbsp;&nbsp;&nbsp;&nbsp;&nbsp;&nbsp;&nbsp;&nbsp;&nbsp;&nbsp;&nbsp;&nbsp;&nbsp;&nbsp; &nbsp;&nbsp;&nbsp;&nbsp;&nbsp;&nbsp;&nbsp;&nbsp;&nbsp;<\/td><td><strong>by November 15, 2024<\/strong><\/td><\/tr><tr><td>submission of the registration form (participation without a paper)<\/td><td><strong>by November 30, 2024<\/strong><\/td><\/tr><tr><td>conference<\/td><td><strong>December 5-6, 2024<\/strong><\/td><\/tr><\/tbody><\/table><\/figure>\n<\/details>\n\n\n\n<details class=\"wp-block-details is-layout-flow wp-block-details-is-layout-flow\"><summary>Registration form \/ Electronic registration<\/summary>\n<p><a href=\"https:\/\/forms.office.com\/pages\/responsepage.aspx?id=6yYO676_0keekOvSQm2866iBtPVyA8BKqezt7aOq9eFUNkxGSjlMUFNIMkY2QUE5VUU3UThYVU1TMC4u&amp;route=shorturl\" target=\"_blank\" rel=\"noreferrer noopener\">Link to the form.<\/a><\/p>\n<\/details>\n\n\n\n<details class=\"wp-block-details is-layout-flow wp-block-details-is-layout-flow\"><summary>Thematic sessions<\/summary>\n<figure class=\"wp-block-table alignleft\"><table class=\"has-fixed-layout\"><tbody><tr><td class=\"has-text-align-left\" data-align=\"left\">90TH ANNIVERSARY OF PAUL OTLET&#8217;S TRAIT\u00c9 DE DOCUMENTATION<p class=\"MsoNormal\" align=\"center\" style=\"margin: 0cm 0cm 10pt; text-align: center; line-height: 16.8667px; font-size: 11pt; font-family: Calibri, sans-serif; color: rgb(0, 0, 0); white-space-collapse: collapse; background: rgb(193, 240, 199);\"><b><span style=\"font-size: 12pt; line-height: 18.4px; font-family: &quot;Times New Roman&quot;, serif; text-transform: uppercase;\"><\/span><\/b><\/p><\/td><\/tr><tr><td class=\"has-text-align-left\" data-align=\"left\">S1.      CHALLENGES OF ARTIFICIAL INTELLIGENCE FOR CONTEMPORARY INFORMATION AND COMMUNICATION MANAGEMENT IN SCIENCE<\/td><\/tr><tr><td class=\"has-text-align-left\" data-align=\"left\">S2&nbsp;&nbsp;&nbsp;&nbsp;&nbsp;&nbsp; INFORMATION AND KNOWLEDGE WORKERS \u2013 YESTERDAY, TODAY, TOMORROW<\/td><\/tr><tr><td class=\"has-text-align-left\" data-align=\"left\">S3&nbsp;&nbsp;&nbsp;&nbsp;&nbsp;&nbsp; INFORMATION AND KNOWLEDGE MANAGEMENT IN THE HUMANITIES AND SOCIAL SCIENCES<\/td><\/tr><tr><td class=\"has-text-align-left\" data-align=\"left\">S4&nbsp;&nbsp;&nbsp;&nbsp;&nbsp;&nbsp; INFORMATION AND KNOWLEDGE MANAGEMENT IN MEDICAL AND HEALTH SCIENCES<\/td><\/tr><tr><td class=\"has-text-align-left\" data-align=\"left\">S5&nbsp;&nbsp;&nbsp;&nbsp;&nbsp;&nbsp; ZARZ\u0104DZANIE INFORMACJ\u0104 I WIEDZ\u0104 W NAUKACH \u015aCIS\u0141YCH I PRZYRODNICZYCH ORAZ W NAUKACH IN\u017bYNIERYJNO-TECHNICZNYCH<\/td><\/tr><\/tbody><\/table><\/figure>\n<\/details>\n\n\n\n<details class=\"wp-block-details is-layout-flow wp-block-details-is-layout-flow\"><summary>Framework program<\/summary>\n<figure class=\"wp-block-table\"><table><tbody><tr><td colspan=\"2\"><strong>Thursday, December 5, 2024, First day of the conference<\/strong><\/td><\/tr><tr><td>10.00 \u2013 10.30<\/td><td>Opening of the conference<\/td><\/tr><tr><td>10.30 \u2013 13.00<\/td><td>Session: 90th Anniversary of Paul Otlet&#8217;s Trait\u00e9 de documentation<\/td><\/tr><tr><td>14.00 \u2013 16.00<\/td><td><strong>S1<\/strong> Thematic session<\/td><\/tr><tr><td>16.15 \u2013 18.15<\/td><td><strong>S2<\/strong> Thematic session<\/td><\/tr><tr><td colspan=\"2\"><strong>Friday, December 6, 2024, Second day of the conference<\/strong><\/td><\/tr><tr><td>10.00 \u2013 12.00<\/td><td><strong>S3<\/strong> Thematic session<\/td><\/tr><tr><td>13.00 \u2013 15.00<\/td><td><strong>S4<\/strong> Thematic session&nbsp;<\/td><\/tr><tr><td>15.15 \u2013 17.00<\/td><td><strong>S5<\/strong> Thematic session<\/td><\/tr><\/tbody><\/table><\/figure>\n<\/details>\n\n\n\n<details class=\"wp-block-details is-layout-flow wp-block-details-is-layout-flow\"><summary>Papers and publication<\/summary>\n<p>The organizers foresee the publication of article texts (submitted by <strong>December 10, 2024<\/strong>) in a peer-reviewed scientific monograph.<\/p>\n\n\n\n<p>Texts (10-15 pages, electronic version) should be prepared according to the guidelines provided on the website <a href=\"http:\/\/www.ptin.org.pl\">www.ptin.org.pl<\/a> in order to standardize their format and prepare them for publication.<\/p>\n<\/details>\n","protected":false},"excerpt":{"rendered":"<p>Dimension of artificial intelligence December 5-6, 2024, online 90th Anniversary of Paul Otlet&#8217;s Trait\u00e9 de documentation I N V I T E : POLISH SOCIETY FOR SCIENTIFIC INFORMATION DEPARTMENT OF INFORMATION MANAGEMENTInstitute of Information Studies&nbsp;Jagiellonian University in cooperation with International Society for Knowledge Organization, ISKO PL<\/p>\n","protected":false},"author":1,"featured_media":0,"parent":0,"menu_order":0,"comment_status":"closed","ping_status":"closed","template":"","meta":{"footnotes":""},"class_list":["post-281","page","type-page","status-publish","hentry"],"_links":{"self":[{"href":"https:\/\/ptin.us.edu.pl\/index.php\/wp-json\/wp\/v2\/pages\/281","targetHints":{"allow":["GET"]}}],"collection":[{"href":"https:\/\/ptin.us.edu.pl\/index.php\/wp-json\/wp\/v2\/pages"}],"about":[{"href":"https:\/\/ptin.us.edu.pl\/index.php\/wp-json\/wp\/v2\/types\/page"}],"author":[{"embeddable":true,"href":"https:\/\/ptin.us.edu.pl\/index.php\/wp-json\/wp\/v2\/users\/1"}],"replies":[{"embeddable":true,"href":"https:\/\/ptin.us.edu.pl\/index.php\/wp-json\/wp\/v2\/comments?post=281"}],"version-history":[{"count":7,"href":"https:\/\/ptin.us.edu.pl\/index.php\/wp-json\/wp\/v2\/pages\/281\/revisions"}],"predecessor-version":[{"id":295,"href":"https:\/\/ptin.us.edu.pl\/index.php\/wp-json\/wp\/v2\/pages\/281\/revisions\/295"}],"wp:attachment":[{"href":"https:\/\/ptin.us.edu.pl\/index.php\/wp-json\/wp\/v2\/media?parent=281"}],"curies":[{"name":"wp","href":"https:\/\/api.w.org\/{rel}","templated":true}]}}