{"id":49,"date":"2023-09-22T10:34:59","date_gmt":"2023-09-22T10:34:59","guid":{"rendered":"https:\/\/ptin.us.edu.pl\/?page_id=49"},"modified":"2023-12-16T10:14:22","modified_gmt":"2023-12-16T10:14:22","slug":"konferencje","status":"publish","type":"page","link":"https:\/\/ptin.us.edu.pl\/index.php\/konferencje\/","title":{"rendered":"KONFERENCJE"},"content":{"rendered":"\n<p><\/p>\n\n\n\n<ul class=\"wp-block-list\">\n<li><a href=\"https:\/\/ptin.us.edu.pl\/index.php\/konferencje\/ix-ogolnopolska-konferencja-naukowa-zarzadzanie-informacja-w-nauce\/\" data-type=\"page\" data-id=\"197\">IX Og\u00f3lnopolska Konferencja Naukowa ZARZ\u0104DZANIE INFORMACJ\u0104 W NAUCE<\/a><\/li>\n\n\n\n<li><a href=\"https:\/\/ptin.us.edu.pl\/index.php\/konferencje\/xv-krajowe-forum-informacji-naukowej-i-technicznej\/\" data-type=\"page\" data-id=\"211\">XV Krajowe Forum Informacji Naukowej i Technicznej<\/a><\/li>\n\n\n\n<li><a href=\"https:\/\/ptin.us.edu.pl\/index.php\/konferencje\/xiv-krajowe-forum-informacji-naukowej-i-technicznej\/\" data-type=\"page\" data-id=\"222\">XIV Krajowe FORUM Informacji Naukowej i Technicznej<\/a><\/li>\n\n\n\n<li><a href=\"https:\/\/ptin.us.edu.pl\/index.php\/konferencje\/viii-ogolnopolska-konferencja-naukowa-zarzadzanie-informacja-w-nauce-online\/\" data-type=\"page\" data-id=\"204\">VIII Og\u00f3lnopolska Konferencja Naukowa \u201eZARZ\u0104DZANIE INFORMACJ\u0104 W NAUCE\u201d ONLINE<\/a><\/li>\n<\/ul>\n","protected":false},"excerpt":{"rendered":"","protected":false},"author":1,"featured_media":0,"parent":0,"menu_order":0,"comment_status":"closed","ping_status":"closed","template":"","meta":{"footnotes":""},"class_list":["post-49","page","type-page","status-publish","hentry"],"_links":{"self":[{"href":"https:\/\/ptin.us.edu.pl\/index.php\/wp-json\/wp\/v2\/pages\/49","targetHints":{"allow":["GET"]}}],"collection":[{"href":"https:\/\/ptin.us.edu.pl\/index.php\/wp-json\/wp\/v2\/pages"}],"about":[{"href":"https:\/\/ptin.us.edu.pl\/index.php\/wp-json\/wp\/v2\/types\/page"}],"author":[{"embeddable":true,"href":"https:\/\/ptin.us.edu.pl\/index.php\/wp-json\/wp\/v2\/users\/1"}],"replies":[{"embeddable":true,"href":"https:\/\/ptin.us.edu.pl\/index.php\/wp-json\/wp\/v2\/comments?post=49"}],"version-history":[{"count":5,"href":"https:\/\/ptin.us.edu.pl\/index.php\/wp-json\/wp\/v2\/pages\/49\/revisions"}],"predecessor-version":[{"id":232,"href":"https:\/\/ptin.us.edu.pl\/index.php\/wp-json\/wp\/v2\/pages\/49\/revisions\/232"}],"wp:attachment":[{"href":"https:\/\/ptin.us.edu.pl\/index.php\/wp-json\/wp\/v2\/media?parent=49"}],"curies":[{"name":"wp","href":"https:\/\/api.w.org\/{rel}","templated":true}]}}