{"id":53,"date":"2023-09-22T10:35:28","date_gmt":"2023-09-22T10:35:28","guid":{"rendered":"https:\/\/ptin.us.edu.pl\/?page_id=53"},"modified":"2023-10-06T09:16:16","modified_gmt":"2023-10-06T09:16:16","slug":"ptint","status":"publish","type":"page","link":"https:\/\/ptin.us.edu.pl\/index.php\/ptint\/","title":{"rendered":"PTINT"},"content":{"rendered":"\n<details class=\"wp-block-details is-layout-flow wp-block-details-is-layout-flow\"><summary>O czasopi\u015bmie<\/summary>\n<p>Od 1993 roku Polskie Towarzystwo Informacji Naukowej wydaje kwartalnik naukowy pt. \u201ePraktyka i Teoria Informacji Naukowej i Technicznej\u201d, kt\u00f3ry jest czasopismem obejmuj\u0105cym swym zakresem dziedzin\u0119 informacji naukowej (informatologii) i obszar\u00f3w pokrewnych. Na jego \u0142amach poruszane s\u0105 najwa\u017cniejsze i najbardziej aktualne teoretyczne i praktyczne problemy (w aspekcie interdyscyplinarnym) stanowi\u0105ce przedmiot zainteresowania \u015brodowiska tw\u00f3rc\u00f3w i u\u017cytkownik\u00f3w informacji. Czasopismo publikuje artyku\u0142y problemowe, komunikaty, recenzje oraz sprawozdania. Artyku\u0142y publikowane s\u0105 w j\u0119zyku polskim z polskim i angielskim abstraktem. W wybranych numerach czasopisma zamieszczane s\u0105 tak\u017ce artyku\u0142y w j\u0119zyku angielskim.<\/p>\n\n\n\n<p>Ka\u017cdy tekst naukowy zg\u0142aszany do publikacji w kwartalniku naukowym \u201ePTINT\u201d, musi spe\u0142nia\u0107 wszystkie warunki stawiane opracowaniom naukowym publikowanym po raz pierwszy, a w szczeg\u00f3lno\u015bci:<\/p>\n\n\n\n<ol class=\"wp-block-list\">\n<li>stanowi oryginaln\u0105 prac\u0105 naukow\u0105,<\/li>\n\n\n\n<li>nie by\u0142 wcze\u015bniej publikowany,<\/li>\n\n\n\n<li>nie zosta\u0142 skierowany do publikacji w innym czasopi\u015bmie ani ksi\u0105\u017cce,<\/li>\n\n\n\n<li>tre\u015b\u0107 artyku\u0142u nie narusza postanowie\u0144 prawa autorskiego i praw pokrewnych,<\/li>\n\n\n\n<li>nie powoduje konfliktu interes\u00f3w,<\/li>\n\n\n\n<li>nie zachodzi wobec tego artyku\u0142u zjawisko&nbsp;<em>ghostwriting<\/em>&nbsp;ani&nbsp;<em>guest authorship<\/em>.<\/li>\n<\/ol>\n\n\n\n<h3 class=\"wp-block-heading\">Zasady publikowania<\/h3>\n\n\n\n<details class=\"wp-block-details is-layout-flow wp-block-details-is-layout-flow\"><summary>Zasady publikowania<\/summary>\n<p>Ka\u017cdy tekst nades\u0142any do redakcji Praktyki i Teorii Informacji Naukowej i Technicznej (PTINT) jest recenzowany zgodnie z zasadami double-blind review process tj. autor(rzy) i recenzenci nie znaj\u0105 swoich to\u017csamo\u015bci. Artyku\u0142y wst\u0119pnie zakwalifikowane przez redakcj\u0119 do druku s\u0105 nast\u0119pnie poddawane recenzji zewn\u0119trznej na podstawie formularza [<a href=\"https:\/\/web.archive.org\/web\/20230130083218\/http:\/\/www.ptin.us.edu.pl\/WP\/wp-content\/uploads\/2015\/04\/formularz.doc\">Formularz recenzji<\/a>] [<a href=\"https:\/\/web.archive.org\/web\/20230130083218\/http:\/\/www.ptin.us.edu.pl\/WP\/wp-content\/uploads\/2015\/04\/form.doc\">Review form<\/a>]<\/p>\n\n\n\n<p>Przy ocenie tekstu brane s\u0105 pod uwag\u0119 takie kryteria jak: zgodno\u015b\u0107 charakteru naukowego pracy z profilem czasopisma, oryginalno\u015b\u0107 prezentowanych wynik\u00f3w, reprezentatywno\u015b\u0107 za\u0142\u0105czonej literatury przedmiotu, poprawno\u015b\u0107 j\u0119zykowa i terminologiczna. W zwi\u0105zku z procesem recenzyjnym przewidywany czas na decyzj\u0119 o publikacji wynosi co najmniej 4 miesi\u0105ce. Teksty o charakterze nienaukowym nie wymagaj\u0105 recenzji zewn\u0119trznej i s\u0105 kwalifikowane do druku bezpo\u015brednio przez Redaktora Naczelnego kwartalnika PTINT. Redakcja zastrzega sobie prawo skracania tekst\u00f3w oraz wprowadzania zmian w uzgodnieniu z autorem.<\/p>\n\n\n\n<p>Wersja drukowana kwartalnika PTINT stanowi jego wersj\u0119 pierwotn\u0105.<\/p>\n<\/details>\n<\/details>\n\n\n\n<details class=\"wp-block-details is-layout-flow wp-block-details-is-layout-flow\"><summary>Zasady publikowania<\/summary>\n<p>Ka\u017cdy tekst nades\u0142any do redakcji Praktyki i Teorii Informacji Naukowej i Technicznej (PTINT) jest recenzowany zgodnie z zasadami double-blind review process tj. autor(rzy) i recenzenci nie znaj\u0105 swoich to\u017csamo\u015bci. Artyku\u0142y wst\u0119pnie zakwalifikowane przez redakcj\u0119 do druku s\u0105 nast\u0119pnie poddawane recenzji zewn\u0119trznej na podstawie formularza [<a href=\"https:\/\/ptin.us.edu.pl\/wp-content\/uploads\/2023\/10\/formularz.doc\">Formularz recenzji<\/a>] [<a href=\"https:\/\/ptin.us.edu.pl\/wp-content\/uploads\/2023\/10\/form.doc\" data-type=\"attachment\" data-id=\"138\">Review form<\/a>]<\/p>\n\n\n\n<p>Przy ocenie tekstu brane s\u0105 pod uwag\u0119 takie kryteria jak: zgodno\u015b\u0107 charakteru naukowego pracy z profilem czasopisma, oryginalno\u015b\u0107 prezentowanych wynik\u00f3w, reprezentatywno\u015b\u0107 za\u0142\u0105czonej literatury przedmiotu, poprawno\u015b\u0107 j\u0119zykowa i terminologiczna. W zwi\u0105zku z procesem recenzyjnym przewidywany czas na decyzj\u0119 o publikacji wynosi co najmniej 4 miesi\u0105ce. Teksty o charakterze nienaukowym nie wymagaj\u0105 recenzji zewn\u0119trznej i s\u0105 kwalifikowane do druku bezpo\u015brednio przez Redaktora Naczelnego kwartalnika PTINT. Redakcja zastrzega sobie prawo skracania tekst\u00f3w oraz wprowadzania zmian w uzgodnieniu z autorem.<\/p>\n\n\n\n<p>Wersja drukowana kwartalnika PTINT stanowi jego wersj\u0119 pierwotn\u0105.<\/p>\n\n\n\n<p><\/p>\n<\/details>\n\n\n\n<details class=\"wp-block-details is-layout-flow wp-block-details-is-layout-flow\"><summary>Wskaz\u00f3wki dla autor\u00f3w<\/summary>\n<p>edakcja prosi Autor\u00f3w o przestrzeganie zasad przygotowania tekstu do publikacji.<\/p>\n\n\n\n<ol class=\"wp-block-list\">\n<li>Teksty powinny by\u0107 napisane w programie Word \u2013 zapisane w formacie .doc lub .rtf.<\/li>\n\n\n\n<li>Artyku\u0142 nie powinien przekracza\u0107 40 000 znak\u00f3w (do 20 stron : czcionka Times New Roman, 12 pkt, interlinia).<\/li>\n\n\n\n<li>Do ka\u017cdego artyku\u0142u nale\u017cy do\u0142\u0105czy\u0107 tytu\u0142 przet\u0142umaczony na j\u0119zyk angielski oraz streszczenia w j\u0119zyku polskim i angielskim. Autorzy proszeni s\u0105 r\u00f3wnie\u017c o do\u0142\u0105czenie do 5 s\u0142\u00f3w kluczowych w wersji polskiej i angielskiej.<\/li>\n\n\n\n<li>Artyku\u0142 powinien by\u0107 uzupe\u0142niony danymi o Autorze (tzn. tytu\u0142 naukowy, miejsce pracy, adres miejsca pracy, numer telefonu kontaktowego oraz adres mailowy).<\/li>\n\n\n\n<li>Tekst artyku\u0142u powinien by\u0107 podzielony na nienumerowane rozdzia\u0142y i podrozdzia\u0142y.<\/li>\n\n\n\n<li>Materia\u0142y ilustracyjne takie jak tabele, wykresy, rysunki powinny by\u0107 do\u0142\u0105czone na osobnych stronach. Tabele, wykresy i rysunki powinny by\u0107 ponumerowane oraz zatytu\u0142owane.<\/li>\n\n\n\n<li>Autorzy proszeni s\u0105 o stosowanie przypis\u00f3w dolnych wyja\u015bniaj\u0105cych \u2013 ponumerowanych cyframi arabskimi. Redakcja zaleca zast\u0119powanie przypis\u00f3w bibliograficznych odsy\u0142aczami do pozycji bibliografii za\u0142\u0105cznikowej (w nawiasach kwadratowych, z podaniem numeru stron, np. [5, s.24]).<\/li>\n<\/ol>\n\n\n\n<p>Zasady redagowania literatury cytowanej<\/p>\n\n\n\n<ol class=\"wp-block-list\">\n<li>Do ka\u017cdego artyku\u0142u nale\u017cy do\u0142\u0105czy\u0107 literatur\u0119 cytowan\u0105. Opisy bibliograficzne nale\u017cy szeregowa\u0107 alfabetycznie (wg nazwisk autor\u00f3w), numery opis\u00f3w nale\u017cy umieszcza\u0107 w nawiasach kwadratowych. Prace zbiorowe nale\u017cy umieszcza\u0107 pod pierwszym wyrazem tytu\u0142u.<\/li>\n<\/ol>\n\n\n\n<details class=\"wp-block-details is-layout-flow wp-block-details-is-layout-flow\"><summary>Ochrona przed ghostwriting i guest authorship<\/summary>\n<p><\/p>\n<\/details>\n<\/details>\n\n\n\n<details class=\"wp-block-details is-layout-flow wp-block-details-is-layout-flow\"><summary>Ochrona przed ghostwriting i guest authorship<\/summary>\n<p>Redakcja czasopisma naukowego \u201ePraktyka i Teoria Informacji Naukowej i Technicznej\u201d (PTINT) przestrzega i realizuje zalecenia Ministerstwa Nauki i Szkolnictwa Wy\u017cszego dotycz\u0105ce zjawiska ghostwriting i guest authorship.<\/p>\n\n\n\n<p><q>Rzetelno\u015b\u0107 w nauce stanowi jeden z jej jako\u015bciowych fundament\u00f3w. Czytelnicy powinni mie\u0107 pewno\u015b\u0107, i\u017c autorzy publikacji w spos\u00f3b przejrzysty, rzetelny i uczciwy prezentuj\u0105 rezultaty swojej pracy, niezale\u017cnie od tego, czy s\u0105 jej bezpo\u015brednimi autorami, czy te\u017c korzystali z pomocy wyspecjalizowanego podmiotu (osoby fizycznej lub prawnej).&nbsp;<\/q><\/p>\n\n\n\n<p>Dowodem etycznej postawy pracownika naukowego oraz najwy\u017cszych standard\u00f3w redakcyjnych powinna by\u0107 jawno\u015b\u0107 informacji o podmiotach przyczyniaj\u0105cych si\u0119 do powstania publikacji (wk\u0142ad merytoryczny, rzeczowy, finansowy etc.), co jest przejawem nie tylko dobrych obyczaj\u00f3w, ale tak\u017ce spo\u0142ecznej odpowiedzialno\u015bci.<\/p>\n\n\n\n<p>Przyk\u0142adami przeciwstawnymi s\u0105&nbsp;<q>ghostwriting<\/q>&nbsp;i&nbsp;<q>guest authorship<\/q>.<\/p>\n\n\n\n<p>Z&nbsp;<q>ghostwriting<\/q>&nbsp;mamy do czynienia w\u00f3wczas, gdy kto\u015b wni\u00f3s\u0142 istotny wk\u0142ad w powstanie publikacji, bez ujawnienia swojego udzia\u0142u jako jeden z autor\u00f3w lub bez wymienienia jego roli w podzi\u0119kowaniach zamieszczonych w publikacji.<\/p>\n\n\n\n<p>Z&nbsp;<q>guest authorship<\/q>&nbsp;(<q>honorary authorship<\/q>) mamy do czynienia w\u00f3wczas, gdy udzia\u0142 autora jest znikomy lub w og\u00f3le nie mia\u0142 miejsca, a pomimo to jest autorem\/wsp\u00f3\u0142autorem publikacji.<\/p>\n\n\n\n<p><strong>W zwi\u0105zku z tym:<\/strong><\/p>\n\n\n\n<ul class=\"wp-block-list\">\n<li>Redakcja czasopisma&nbsp;<q>Praktyka i Teoria Informacji Naukowej i Technicznej<\/q>&nbsp;dbaj\u0105c o wysoki poziom merytoryczny, respektuj\u0105c zalecenia Ministerstwa Nauki i Szkolnictwa Wy\u017cszego w odniesieniu do ochrony przed ghostwriting i guest authorship, kt\u00f3re s\u0105 przejawem nierzetelno\u015bci naukowej, zwraca si\u0119 do Autor\u00f3w o przestrzeganie najwy\u017cszych standard\u00f3w prezentowania rezultat\u00f3w swojej pracy.<\/li>\n\n\n\n<li>Redakcja jest zobowi\u0105zana wymaga\u0107 od Autora publikacji pe\u0142nej, rzetelnej informacji o podmiotach przyczyniaj\u0105cych si\u0119 do powstania publikacji (w przypadku prac przygotowanych przez wi\u0119cej ni\u017c jednego autora nale\u017cy poda\u0107 informacje o wk\u0142adzie poszczeg\u00f3lnych autor\u00f3w w powstanie pracy, z zaznaczeniem ich afiliacji oraz ich udzia\u0142u w przygotowaniu bada\u0144, koncepcji, za\u0142o\u017ce\u0144, metod, zbieraniu danych, realizacji bada\u0144, interpretacji wynik\u00f3w, opracowaniu tekstu itp.).<\/li>\n\n\n\n<li>Autorzy maj\u0105 obowi\u0105zek podania informacji o \u017ar\u00f3d\u0142ach finansowania publikacji, wk\u0142adzie instytucji naukowo-badawczych, stowarzysze\u0144 naukowych oraz innych podmiot\u00f3w (financial disclosure). Odpowiedzialno\u015b\u0107 za podane informacje ponosi autor zg\u0142aszaj\u0105cy tekst do publikacji.<\/li>\n\n\n\n<li>Redakcja zobowi\u0105zuje si\u0119 dokumentowa\u0107 wszelkie przejawy nierzetelno\u015bci naukowej, zw\u0142aszcza \u0142amania i naruszania zasad etyki obowi\u0105zuj\u0105cych w nauce.<\/li>\n\n\n\n<li>Ka\u017cdy Autor, kt\u00f3ry przesy\u0142a prac\u0119 do publikacji w kwartalniku \u201ePraktyka i Teoria Informacji Naukowej i Technicznej\u201d ka\u017cdorazowo jest zobowi\u0105zany do z\u0142o\u017cenia Redakcji&nbsp;<strong>o\u015bwiadczenia<\/strong>&nbsp;[<a href=\"https:\/\/web.archive.org\/web\/20230130083218\/http:\/\/uranos.cto.us.edu.pl\/~ptin\/ptint_oswiadczenie_autora.docx\">PTINT-O\u015bwiadczenie Autora<\/a>] w sprawie ghostwriting i guest authorship.<\/li>\n<\/ul>\n<\/details>\n\n\n\n<details class=\"wp-block-details is-layout-flow wp-block-details-is-layout-flow\"><summary>Rada programowa<\/summary>\n<p>Professor Dr. Habil. Tibor Koltay, Szent Istv\u00e1n University, J\u00e1szber\u00e9ny, Hungary<\/p>\n\n\n\n<p>Prof. Ing. Milan Konvit, Ph.D., Slezsk\u00e1 univerzita v Opav\u011b<\/p>\n\n\n\n<p>Prof. dr hab. Wies\u0142aw Babik, Uniwersytet Jagiello\u0144ski, Krak\u00f3w<\/p>\n\n\n\n<p>Dr Renata Fr\u0105czek,&nbsp;Uniwersytet \u015al\u0105ski, Katowice<\/p>\n\n\n\n<p>Dr in\u017c. Henryk Szarski,&nbsp;Politechnika Wroc\u0142awska<\/p>\n\n\n\n<p>Dr hab. Wanda Pindlowa, prof. UJ, Komitet Naukoznawstwa PAN<\/p>\n\n\n\n<p>Prof. dr hab. Barbara Sosi\u0144ska-Kalata, Uniwersytet Warszawski<\/p>\n\n\n\n<p>Dr hab. Diana Pietruch-Reizes, Uniwersytet Jagiello\u0144ski, Krak\u00f3w<\/p>\n\n\n\n<p>Dr hab. Anna Sitarska, prof. UJ<\/p>\n\n\n\n<p>Dr Paloma Koryci\u0144ska, Uniwersytet Jagiello\u0144ski, Krak\u00f3w<\/p>\n<\/details>\n\n\n\n<details class=\"wp-block-details is-layout-flow wp-block-details-is-layout-flow\"><summary>Zesp\u00f3\u0142 recenzent\u00f3w<\/summary>\n<p>Prof. dr hab. Wies\u0142aw Babik, Uniwersytet Jagiello\u0144ski<\/p>\n\n\n\n<p>Dr hab., prof. UP&nbsp; Hanna Batorowska, Uniwersytet Pedagogiczny w Krakowie<\/p>\n\n\n\n<p>Dr Sabina Cisek, Uniwersytet Jagiello\u0144ski<\/p>\n\n\n\n<p>Dr hab. Ma\u0142gorzata Derkacz, Uniwersytet Wroc\u0142awski<\/p>\n\n\n\n<p>Dr hab. Ma\u0142gorzata Fedorowicz-Kruszewska, Uniwersytet Miko\u0142aja Kopernika w Toruniu<\/p>\n\n\n\n<p>Dr hab. Aneta Firlej-Buzon, Uniwersytet Wroc\u0142awski<\/p>\n\n\n\n<p>Dr hab., prof. UMK Ewa G\u0142owacka, Uniwersytet Miko\u0142aja Kopernika w Toruniu<\/p>\n\n\n\n<p>Dr hab. Ma\u0142gorzata G\u00f3ralska, Uniwersytet Wroc\u0142awski<\/p>\n\n\n\n<p>Dr hab. , prof. UAM Miros\u0142aw G\u00f3rny, Uniwersytet Adama Mickiewicza w Poznaniu<\/p>\n\n\n\n<p>Dr Ewa Jab\u0142o\u0144ska-Stefanowicz, Uniwersytet Wroc\u0142awski<\/p>\n\n\n\n<p>Dr hab. Ma\u0142gorzata Kisilowska, Uniwersytet Warszawski<\/p>\n\n\n\n<p>Prof. Dr. Habil. Tibor Koltay \u2013 Szent Istv\u00e1n University, J\u00e1szber\u00e9ny, Hungary<\/p>\n\n\n\n<p>Dr Ma\u0142gorzata Kowalska, Uniwersytet Miko\u0142aja Kopernika w Toruniu<\/p>\n\n\n\n<p>Prof. Ing. Milan Konvit, Ph.D. \u2013 Slezsk\u00e1 univerzita v Opav\u011b<\/p>\n\n\n\n<p>Dr hab. , prof. UKSW Katarzyna Materska, Uniwersytet Kardyna\u0142a Stefana Wyszy\u0144skiego w Warszawie<\/p>\n\n\n\n<p>Dr hab. Marek Nahotko, Uniwersytet Jagiello\u0144ski<\/p>\n\n\n\n<p>Dr hab., prof. UMCS Zbigniew Osi\u0144ski, Uniwersytet Marii Curie-Sk\u0142odowskiej w Lublinie<\/p>\n\n\n\n<p>Dr hab., prof. UWr Adam Paw\u0142owski, Uniwersytet Wroc\u0142awski<\/p>\n\n\n\n<p>Dr hab. Maria Pr\u00f3chnicka, Uniwersytet Jagiello\u0144ski<\/p>\n\n\n\n<p>Dr hab. Remigiusz Sapa, Uniwersytet Jagiello\u0144ski<\/p>\n\n\n\n<p>Dr Stanis\u0142aw Sk\u00f3rka, Uniwersytet Pedagogiczny w Krakowie<\/p>\n\n\n\n<p>Prof. dr hab. Barbara Sosi\u0144ska-Kalata, Uniwersytet Warszawski<\/p>\n\n\n\n<p>Dr hab. Marzena \u015awigo\u0144, Uniwersytet Warmi\u0144sko-Mazurski w Olsztynie<\/p>\n\n\n\n<p>dr hab. Piotr Tafi\u0142owski, Uniwersytet Warszawski<\/p>\n\n\n\n<p>Prof. dr hab. Jadwiga Wo\u017aniak-Kasperek, Uniwersytet Warszawski<\/p>\n\n\n\n<p><\/p>\n<\/details>\n\n\n\n<h5 class=\"wp-block-heading\">Pe\u0142ne teksty (pliki w formacie pdf.) Kwartalnika PTIN:<\/h5>\n\n\n\n<ul class=\"wp-block-list\">\n<li>Rok 2009:\u00a0<a href=\"http:\/\/ptin.us.edu.pl\/wp-content\/uploads\/2019\/pelne_teksty\/2009_1-2.pdf\" data-type=\"link\" data-id=\"wp-content\/uploads\/2019\/pelne_teksty\/2009_1-2.pdf\">1-2<\/a>,\u00a0<a href=\"https:\/\/ptin.us.edu.pl\/wp-content\/uploads\/2023\/10\/2009_3-1.pdf\">3<\/a>,\u00a0<a href=\"https:\/\/ptin.us.edu.pl\/wp-content\/uploads\/2023\/10\/2009_4-1.pdf\">4<\/a><\/li>\n\n\n\n<li>Rok 2010:\u00a0<a href=\"https:\/\/ptin.us.edu.pl\/wp-content\/uploads\/2023\/10\/2010_1-1.pdf\">1<\/a>,\u00a0<a href=\"https:\/\/ptin.us.edu.pl\/wp-content\/uploads\/2023\/10\/2010_2-1.pdf\">2<\/a>,\u00a0<a href=\"https:\/\/ptin.us.edu.pl\/wp-content\/uploads\/2023\/10\/2010_3-1.pdf\">3<\/a>,\u00a0<a href=\"https:\/\/ptin.us.edu.pl\/wp-content\/uploads\/2023\/10\/2010_4-1.pdf\">4<\/a><\/li>\n\n\n\n<li>Rok 2011:\u00a0<a href=\"https:\/\/ptin.us.edu.pl\/wp-content\/uploads\/2023\/10\/2011_1-2-1.pdf\">1-2<\/a>,\u00a0<a href=\"https:\/\/ptin.us.edu.pl\/wp-content\/uploads\/2023\/10\/2011_3-1.pdf\">3<\/a>,\u00a0<a href=\"https:\/\/ptin.us.edu.pl\/wp-content\/uploads\/2023\/10\/2011_4-1.pdf\">4<\/a><\/li>\n\n\n\n<li>Rok 2012:\u00a0<a href=\"https:\/\/ptin.us.edu.pl\/wp-content\/uploads\/2023\/10\/2012_1-1.pdf\">1<\/a>,\u00a0<a href=\"https:\/\/ptin.us.edu.pl\/wp-content\/uploads\/2023\/10\/2012_2-1.pdf\">2<\/a>,\u00a0<a href=\"https:\/\/ptin.us.edu.pl\/wp-content\/uploads\/2023\/10\/2012_3-4-1.pdf\">3-4<\/a><\/li>\n\n\n\n<li>Rok 2013:\u00a0<a href=\"https:\/\/ptin.us.edu.pl\/wp-content\/uploads\/2023\/10\/2013_1-2-1.pdf\">1-2<\/a>,\u00a0<a href=\"https:\/\/ptin.us.edu.pl\/wp-content\/uploads\/2023\/10\/2013_3-1.pdf\">3<\/a>,\u00a0<a href=\"https:\/\/ptin.us.edu.pl\/wp-content\/uploads\/2023\/10\/2013_4-1.pdf\">4<\/a><\/li>\n\n\n\n<li>Rok 2014:\u00a0<a href=\"https:\/\/ptin.us.edu.pl\/wp-content\/uploads\/2023\/10\/2014_1-1.pdf\">1<\/a>,\u00a0<a href=\"https:\/\/ptin.us.edu.pl\/wp-content\/uploads\/2023\/10\/2014_2-3-1.pdf\">2-3<\/a>,\u00a0<a href=\"https:\/\/ptin.us.edu.pl\/wp-content\/uploads\/2023\/10\/2014_4-1.pdf\">4<\/a><\/li>\n\n\n\n<li>Rok 2015:\u00a0<a href=\"https:\/\/ptin.us.edu.pl\/wp-content\/uploads\/2023\/10\/2015_1-1.pdf\">1<\/a><a href=\"https:\/\/web.archive.org\/web\/20230130083218\/http:\/\/www.ptin.us.edu.pl\/WP\/wp-content\/uploads\/2019\/pelne_teksty\/2015_1.pdf\">\u00a0<\/a>,\u00a0<a href=\"https:\/\/ptin.us.edu.pl\/wp-content\/uploads\/2023\/10\/2015_23-1.pdf\">2-3<\/a>,\u00a0<a href=\"https:\/\/ptin.us.edu.pl\/wp-content\/uploads\/2023\/10\/2015_4-1.pdf\">4<\/a><\/li>\n\n\n\n<li>Rok 2016:\u00a0<a href=\"https:\/\/web.archive.org\/web\/20230130083218\/http:\/\/www.ptin.us.edu.pl\/WP\/wp-content\/uploads\/2019\/pelne_teksty\/2016_1.pdf\">1<\/a><a href=\"https:\/\/ptin.us.edu.pl\/wp-content\/uploads\/2023\/10\/ptint-1-2016-1.pdf\">\u00a0<\/a>,\u00a0<a href=\"https:\/\/ptin.us.edu.pl\/wp-content\/uploads\/2023\/10\/ptint-2-3-2016-1.pdf\">2-3<\/a>,\u00a0<a href=\"https:\/\/ptin.us.edu.pl\/wp-content\/uploads\/2023\/10\/ptint-4-2016-1.pdf\">4<\/a><\/li>\n\n\n\n<li>Rok 2017:\u00a0<a href=\"https:\/\/ptin.us.edu.pl\/wp-content\/uploads\/2023\/10\/2017-1-2-1.pdf\">1-2<\/a>,\u00a0<a href=\"https:\/\/ptin.us.edu.pl\/wp-content\/uploads\/2023\/10\/2017-3-4-1.pdf\">3-4<\/a><\/li>\n\n\n\n<li>Rok 2018:\u00a0<a href=\"https:\/\/ptin.us.edu.pl\/wp-content\/uploads\/2023\/10\/2018-1-1.pdf\">1<\/a>,<a href=\"https:\/\/web.archive.org\/web\/20230130083218\/https:\/\/www.ptin.us.edu.pl\/pelne_teksty\/2018-1.pdf\">\u00a0<\/a><a href=\"https:\/\/ptin.us.edu.pl\/wp-content\/uploads\/2023\/10\/PTINT-2018-2-1.pdf\">2<\/a><\/li>\n\n\n\n<li>Rok 2019:\u00a0<a href=\"https:\/\/ptin.us.edu.pl\/wp-content\/uploads\/2023\/10\/2019-1-1.pdf\">1<\/a><\/li>\n<\/ul>\n","protected":false},"excerpt":{"rendered":"<p>Pe\u0142ne teksty (pliki w formacie pdf.) Kwartalnika PTIN:<\/p>\n","protected":false},"author":1,"featured_media":0,"parent":0,"menu_order":0,"comment_status":"closed","ping_status":"closed","template":"","meta":{"footnotes":""},"class_list":["post-53","page","type-page","status-publish","hentry"],"_links":{"self":[{"href":"https:\/\/ptin.us.edu.pl\/index.php\/wp-json\/wp\/v2\/pages\/53","targetHints":{"allow":["GET"]}}],"collection":[{"href":"https:\/\/ptin.us.edu.pl\/index.php\/wp-json\/wp\/v2\/pages"}],"about":[{"href":"https:\/\/ptin.us.edu.pl\/index.php\/wp-json\/wp\/v2\/types\/page"}],"author":[{"embeddable":true,"href":"https:\/\/ptin.us.edu.pl\/index.php\/wp-json\/wp\/v2\/users\/1"}],"replies":[{"embeddable":true,"href":"https:\/\/ptin.us.edu.pl\/index.php\/wp-json\/wp\/v2\/comments?post=53"}],"version-history":[{"count":9,"href":"https:\/\/ptin.us.edu.pl\/index.php\/wp-json\/wp\/v2\/pages\/53\/revisions"}],"predecessor-version":[{"id":186,"href":"https:\/\/ptin.us.edu.pl\/index.php\/wp-json\/wp\/v2\/pages\/53\/revisions\/186"}],"wp:attachment":[{"href":"https:\/\/ptin.us.edu.pl\/index.php\/wp-json\/wp\/v2\/media?parent=53"}],"curies":[{"name":"wp","href":"https:\/\/api.w.org\/{rel}","templated":true}]}}