{"id":57,"date":"2023-09-22T10:35:59","date_gmt":"2023-09-22T10:35:59","guid":{"rendered":"https:\/\/ptin.us.edu.pl\/?page_id=57"},"modified":"2023-09-27T10:45:00","modified_gmt":"2023-09-27T10:45:00","slug":"o-nas","status":"publish","type":"page","link":"https:\/\/ptin.us.edu.pl\/index.php\/o-nas\/","title":{"rendered":"O NAS"},"content":{"rendered":"\n<p>W dniu 27 maja 1992 r. postanowieniem S\u0105du Wojew\u00f3dzkiego w Warszawie \u2013 VII Wydzia\u0142 Cywilny i Rejestrowy \u2013 Polskie Towarzystwo Informacji Naukowej zosta\u0142o wpisane do rejestru Stowarzysze\u0144 pod numerem 1385\/92.<\/p>\n\n\n\n<p>PTIN \u2013 jako samorz\u0105dne stowarzyszenie o charakterze og\u00f3lnokrajowym, posiada osobowo\u015b\u0107 prawn\u0105, zrzesza swoich cz\u0142onk\u00f3w na zasadzie pe\u0142nej dobrowolno\u015bci, a swoj\u0105 dzia\u0142alno\u015b\u0107 opiera na spo\u0142ecznej pracy og\u00f3\u0142u cz\u0142onk\u00f3w. Rejestracja PTIN by\u0142a spe\u0142nieniem oczekiwa\u0144 \u015brodowiska pracownik\u00f3w i u\u017cytkownik\u00f3w informacji naukowej i technicznej przekonanych o konieczno\u015bci integracji dzia\u0142alno\u015bci informacyjno-bibliotecznej.<\/p>\n\n\n\n<p>Pe\u0142ny zakres dzia\u0142alno\u015bci PTIN okre\u015bla statut oraz uchwa\u0142y i postanowienia Walnego Zebrania Cz\u0142onk\u00f3w Towarzystwa. Ewentualna zmiana Statutu PTIN wymaga uchwa\u0142y Walnego Zebrania Cz\u0142onk\u00f3w podj\u0119tej wi\u0119kszo\u015bci\u0105 2\/3 g\u0142os\u00f3w cz\u0142onk\u00f3w obecnych na Zebraniu.<\/p>\n\n\n\n<p>Pierwsze Walne Zebranie PTIN odby\u0142o si\u0119 w dniu 29 lipca 1992 r. w Warszawie. Zebranie w tajnym g\u0142osowaniu wybra\u0142o w\u0142adze Towarzystwa, a mianowicie: Zarz\u0105d, Komisj\u0119 Rewizyjn\u0105 i S\u0105d Kole\u017ce\u0144ski. Kadencja w\u0142adz trwa trzy lata. Siedzib\u0105 W\u0142adz Towarzystwa jest miasto sto\u0142eczne Warszawa.<\/p>\n\n\n\n<p>Maj\u0105tek PTIN stanowi\u0105:<\/p>\n\n\n\n<ul class=\"wp-block-list\">\n<li>kwoty pochodz\u0105ce z wpisowego i sk\u0142adek cz\u0142onkowskich<\/li>\n\n\n\n<li>kwoty z dochod\u00f3w wynikaj\u0105cych z dzia\u0142alno\u015bci Towarzystwa<\/li>\n\n\n\n<li>\u015brodki z dotacji, subwencji, darowizn i od Fundacji<\/li>\n\n\n\n<li>dochody z ruchomo\u015bci i nieruchomo\u015bci stanowi\u0105cych w\u0142asno\u015b\u0107 Towarzystwa<\/li>\n<\/ul>\n\n\n\n<p>Gospodark\u0119 funduszami i maj\u0105tkiem prowadzi Prezydium Zarz\u0105du PTIN na podstawie preliminarza koszt\u00f3w zatwierdzonego przez Zarz\u0105d PTIN.<\/p>\n\n\n\n<p><a href=\"https:\/\/ptin.us.edu.pl\/wp-content\/uploads\/2023\/09\/statut-1.pdf\">STATUT<\/a><\/p>\n\n\n\n<p><\/p>\n","protected":false},"excerpt":{"rendered":"<p>W dniu 27 maja 1992 r. postanowieniem S\u0105du Wojew\u00f3dzkiego w Warszawie \u2013 VII Wydzia\u0142 Cywilny i Rejestrowy \u2013 Polskie Towarzystwo Informacji Naukowej zosta\u0142o wpisane do rejestru Stowarzysze\u0144 pod numerem 1385\/92. PTIN \u2013 jako samorz\u0105dne stowarzyszenie o charakterze og\u00f3lnokrajowym, posiada osobowo\u015b\u0107 prawn\u0105, zrzesza swoich cz\u0142onk\u00f3w na zasadzie pe\u0142nej dobrowolno\u015bci, a swoj\u0105 dzia\u0142alno\u015b\u0107 opiera na spo\u0142ecznej pracy [&hellip;]<\/p>\n","protected":false},"author":1,"featured_media":0,"parent":0,"menu_order":0,"comment_status":"closed","ping_status":"closed","template":"","meta":{"footnotes":""},"class_list":["post-57","page","type-page","status-publish","hentry"],"_links":{"self":[{"href":"https:\/\/ptin.us.edu.pl\/index.php\/wp-json\/wp\/v2\/pages\/57","targetHints":{"allow":["GET"]}}],"collection":[{"href":"https:\/\/ptin.us.edu.pl\/index.php\/wp-json\/wp\/v2\/pages"}],"about":[{"href":"https:\/\/ptin.us.edu.pl\/index.php\/wp-json\/wp\/v2\/types\/page"}],"author":[{"embeddable":true,"href":"https:\/\/ptin.us.edu.pl\/index.php\/wp-json\/wp\/v2\/users\/1"}],"replies":[{"embeddable":true,"href":"https:\/\/ptin.us.edu.pl\/index.php\/wp-json\/wp\/v2\/comments?post=57"}],"version-history":[{"count":3,"href":"https:\/\/ptin.us.edu.pl\/index.php\/wp-json\/wp\/v2\/pages\/57\/revisions"}],"predecessor-version":[{"id":108,"href":"https:\/\/ptin.us.edu.pl\/index.php\/wp-json\/wp\/v2\/pages\/57\/revisions\/108"}],"wp:attachment":[{"href":"https:\/\/ptin.us.edu.pl\/index.php\/wp-json\/wp\/v2\/media?parent=57"}],"curies":[{"name":"wp","href":"https:\/\/api.w.org\/{rel}","templated":true}]}}