{"id":59,"date":"2023-09-22T10:36:10","date_gmt":"2023-09-22T10:36:10","guid":{"rendered":"https:\/\/ptin.us.edu.pl\/?page_id=59"},"modified":"2023-09-22T10:51:58","modified_gmt":"2023-09-22T10:51:58","slug":"zebrania-zarzadu","status":"publish","type":"page","link":"https:\/\/ptin.us.edu.pl\/index.php\/zebrania-zarzadu\/","title":{"rendered":"ZEBRANIA ZARZ\u0104DU"},"content":{"rendered":"\n<details class=\"wp-block-details is-layout-flow wp-block-details-is-layout-flow\"><summary>24 listopada 2022 r. odby\u0142o si\u0119 zebranie Zarz\u0105du PTIN<\/summary>\n<p>w zwi\u0105zku z sytuacj\u0105 pandemiczn\u0105 w trybie online, w trakcie kt\u00f3rego poruszono m.in.nastepuj\u0105ce zagadnienia:<\/p>\n\n\n\n<ul class=\"wp-block-list\">\n<li>Sprawy zwi\u0105zane z bie\u017c\u0105c\u0105 dzia\u0142alno\u015bci\u0105 PTIN \u2013 Informacje dotycz\u0105ce organizacji Walnego Zebrania Cz\u0142onk\u00f3w PTIN w trybie zdalnym \/MS Teams 15 grudnia 2022, I termin \u2013 12.15; II termin \u2013 12.30<\/li>\n\n\n\n<li>Proponowany porz\u0105dek obrad:\n<ol class=\"wp-block-list\">\n<li>Otwarcie Zebrania i przyj\u0119cie proponowanego porz\u0105dku obrad.<\/li>\n\n\n\n<li>Wyb\u00f3r Prezydium Walnego Zebrania.<\/li>\n\n\n\n<li>Sprawozdanie z dzia\u0142alno\u015bci Zarz\u0105du PTIN w okresie listopad 2017 \u2013 listopad 2022.<\/li>\n\n\n\n<li>Sprawozdanie z dzia\u0142alno\u015bci Komisji Rewizyjnej w czasie trwania kadencji.<\/li>\n\n\n\n<li>Sprawozdanie z dzia\u0142alno\u015bci S\u0105du Kole\u017ce\u0144skiego w czasie trwania kadencji.<\/li>\n\n\n\n<li>Dyskusja nad przedstawionymi sprawozdaniami.<\/li>\n\n\n\n<li>Udzielenie absolutorium ust\u0119puj\u0105cemu Zarz\u0105dowi.<\/li>\n\n\n\n<li>Wybory w\u0142adz PTIN na kolejn\u0105 kadencj\u0119.<\/li>\n<\/ol>\n<\/li>\n<\/ul>\n<\/details>\n\n\n\n<details class=\"wp-block-details is-layout-flow wp-block-details-is-layout-flow\"><summary>9 listopada 2022 r. odby\u0142o si\u0119 zebranie Zarz\u0105du PTIN<\/summary>\n<p>w zwi\u0105zku z sytuacj\u0105 pandemiczn\u0105 w trybie online, w trakcie kt\u00f3rego poruszono m.in.nastepuj\u0105ce zagadnienia:<\/p>\n\n\n\n<ul class=\"wp-block-list\">\n<li>Przygotowania do IX. Og\u00f3lnopolskiej Konferencji Naukowej z cyklu:<strong><em>&nbsp;Zarz\u0105dzanie informacj\u0105 w nauce<\/em><\/strong>&nbsp;w dniach 24-25 listopada 2022 r.<\/li>\n\n\n\n<li>Przygotowanie programu Sesji Jubileuszowej:\u00a0<strong>CZWARTEK, 24 LISTOPADA 2022<\/strong>\u00a011.00-13.00 Sesja Jubileuszowa 30 lat PTIN:\n<ul class=\"wp-block-list\">\n<li>11.00-11.15 Otwarcie Sesji Jubileuszowej \u2013 30 lat PTIN (1992-2022) \u2013 dr hab. Diana Pietruch-Reizes, prof. UJ, prezes Zarz\u0105du PTIN<\/li>\n\n\n\n<li>11.15-11.30 Znaczenie spo\u0142ecznego ruchu naukowego \u2013 prof. dr hab. Iwona Hofman, Rada Towarzystw Naukowych PAN<\/li>\n\n\n\n<li>11.30-12.00 Polskie Towarzystwo Informacji Naukowej w uj\u0119ciu historycznym \u2013 dr hab. Renata Fr\u0105czek, wiceprezes Zarz\u0105du PTIN<\/li>\n\n\n\n<li>12.00-12.30 Polskie Towarzystwo Informacji Naukowej \u2013 nowe wyzwania \u2013 dr hab. Diana Pietruch-Reizes, prof. UJ, prezes Zarz\u0105du PTIN<\/li>\n\n\n\n<li>12.30-13.00 Wsp\u00f3\u0142praca PTIN, ISKO PL i Zak\u0142adu Zarz\u0105dzania Informacj\u0105 UJ \u2013 prof. dr hab. Wies\u0142aw Babik, Uniwersytet Jagiello\u0144ski, Krajowy koordynator International Society for Knowledge Organization (ISKO) w Polsce<\/li>\n<\/ul>\n<\/li>\n\n\n\n<li>Informacje Prezesa Zarz\u0105du PTIN dr hab. Diany Pietruch-Reizes, prof. UJ na temat udzia\u0142u w&nbsp;<em>III Kongresie Towarzystw Naukowych \u2013 Spo\u0142eczny wymiar dzia\u0142alno\u015bci towarzystw naukowych,<\/em>&nbsp;Gda\u0144sk (20-22 pa\u017adziernika 2022), przewodniczenie Sesji \u2013 Dzia\u0142ania towarzystw w naukach spo\u0142ecznych i humanistycznych w kszta\u0142towaniu postaw i \u015bwiadomo\u015bci spo\u0142ecznej. Prezes PTIN wyst\u0105pi\u0142a w Sesji Plenarnej II z referatem pt.&nbsp;<em>Zainteresowanie doktorant\u00f3w dzia\u0142alno\u015bci\u0105 towarzystw naukowych.<\/em><\/li>\n<\/ul>\n<\/details>\n\n\n\n<details class=\"wp-block-details is-layout-flow wp-block-details-is-layout-flow\"><summary>1 lipca 2022 r. odby\u0142o si\u0119 zebranie Zarz\u0105du PTIN<\/summary>\n<p>w zwi\u0105zku z sytuacj\u0105 pandemiczn\u0105 w trybie online, w trakcie kt\u00f3rego poruszono m.in. nastepuj\u0105ce zagadnienia:<\/p>\n\n\n\n<ul class=\"wp-block-list\">\n<li>Sprawy zwi\u0105zane z bie\u017c\u0105c\u0105 dzia\u0142alno\u015bci\u0105 PTIN<\/li>\n\n\n\n<li>Dzia\u0142ania zwi\u0105zane z organizacj\u0105 w trybie online przez Polskie Towarzystwo Informacji Naukowej przy wsp\u00f3\u0142pracy merytorycznej Zak\u0142adu Zarz\u0105dzania Informacj\u0105 Instytutu Studi\u00f3w Informacyjnych Uniwersytetu Jagiello\u0144skiego w Krakowie IX. Og\u00f3lnopolskiej Konferencji Naukowej z cyklu:<strong><em>&nbsp;Zarz\u0105dzanie informacj\u0105 w nauce<\/em><\/strong>&nbsp;w dniach 24-25 listopada 2022 r.<\/li>\n\n\n\n<li>Decyzja o organizacji Sesji Jubileuszowej w ramach konferencji ZIwN<\/li>\n<\/ul>\n<\/details>\n\n\n\n<details class=\"wp-block-details is-layout-flow wp-block-details-is-layout-flow\"><summary>14 grudnia 2021 r. odby\u0142o si\u0119 zebranie Zarz\u0105du PTIN<\/summary>\n<p>w zwi\u0105zku z sytuacj\u0105 pandemiczn\u0105 w trybie online, w trakcie kt\u00f3rego poruszono m.in. nastepuj\u0105ce zagadnienia:<\/p>\n\n\n\n<ul class=\"wp-block-list\">\n<li>Sprawy zwi\u0105zane z bie\u017c\u0105c\u0105 dzia\u0142alno\u015bci\u0105 PTIN<\/li>\n\n\n\n<li>Jubileusz&nbsp;<strong>30-lecia PTIN 1992-2022<\/strong>, sprawy organizacyjne<\/li>\n\n\n\n<li>Informacja Prezesa Zarz\u0105du PTIN dr hab. Diany Pietruch-Reizes, prof. UJ o rozwi\u0105zaniach prawnych w odniesieniu do statusu towarzystw i stowarzysze\u0144 naukowych i naukowo-technicznych oraz systemu finansowania spo\u0142ecznego ruchu naukowego w Polsce dyskutowanych w Radzie Towarzystw Naukowych PAN.<\/li>\n<\/ul>\n<\/details>\n\n\n\n<details class=\"wp-block-details is-layout-flow wp-block-details-is-layout-flow\"><summary>28 czerwca 2021 r. odby\u0142o si\u0119 zebranie Zarz\u0105du PTIN<\/summary>\n<p>w zwi\u0105zku z sytuacj\u0105 pandemiczn\u0105 w trybie online, w trakcie kt\u00f3rego poruszono m.in. nastepuj\u0105ce zagadnienia:<\/p>\n\n\n\n<ul class=\"wp-block-list\">\n<li>Sprawy zwi\u0105zane z bie\u017c\u0105c\u0105 dzia\u0142alno\u015bci\u0105 PTIN<\/li>\n\n\n\n<li>Przygotowania do jubileuszu&nbsp;<strong>30-lecia FORUM&nbsp; INT (1991-2021)<\/strong>, w tym organizacji (w trybie spotkania online lub w trybie hybrydowym) przez Polskie Towarzystwo Informacji Naukowej&nbsp; XVI FORUM&nbsp; Informacji Naukowej i Technicznej w pa\u017adziernik 2021<\/li>\n\n\n\n<li>Zapowied\u017a jubileuszu&nbsp;<strong>30-lecia PTIN 1992-2022<\/strong>. Konferencja jubileuszowa&nbsp;\u2013 maj 2022.<\/li>\n<\/ul>\n<\/details>\n\n\n\n<details class=\"wp-block-details is-layout-flow wp-block-details-is-layout-flow\"><summary>18 grudnia 2020 r. odby\u0142o si\u0119 zebranie Zarz\u0105du PTIN<\/summary>\n<p>w zwi\u0105zku z sytuacj\u0105 pandemiczn\u0105 w trybie online, na kt\u00f3rym poruszono m.in.nastepuj\u0105ce kwestie:<\/p>\n\n\n\n<ul class=\"wp-block-list\">\n<li>Sprawy zwi\u0105zane z bie\u017c\u0105c\u0105 dzia\u0142alno\u015bci\u0105 PTIN<\/li>\n\n\n\n<li>Informacja o dzia\u0142alno\u015bci Rady Towarzystw Naukowych PAN i udziale prezesa PTIN, dr hab. Diany Pietruch-Reizes, prof. UJ w pracach Rady<\/li>\n\n\n\n<li>Sprawozdanie dotycz\u0105ce&nbsp;VIII. Og\u00f3lnopolskiej Konferencji Naukowej z cyklu:<strong><em>&nbsp;Zarz\u0105dzanie informacj\u0105 w nauce<\/em><\/strong>; kt\u00f3ra odby\u0142a si\u0119 jako spotkanie jednodniowe&nbsp;<strong>27 listopada 2020 r.<\/strong>&nbsp;w formule zdalnego dost\u0119pu czyli wideokonferencji za po\u015brednictwem platformy MS Teams (\u015brodowisko Microsoft Office 365).<\/li>\n\n\n\n<li>Plan pracy PTIN na rok 2021<\/li>\n\n\n\n<li>Sprawozdanie o stanie finans\u00f3w PTIN na koniec 2020 r.<\/li>\n<\/ul>\n<\/details>\n\n\n\n<details class=\"wp-block-details is-layout-flow wp-block-details-is-layout-flow\"><summary>31 stycznia 2020 r. odby\u0142o si\u0119 zebranie Zarz\u0105du PTIN<\/summary>\n<p>W programie spotkania by\u0142y m.in.:<\/p>\n\n\n\n<ul class=\"wp-block-list\">\n<li>Sprawy zwi\u0105zane z bie\u017c\u0105c\u0105 dzia\u0142alno\u015bci\u0105 PTIN<\/li>\n\n\n\n<li>Raport \u2013&nbsp;<strong>XV FORUM&nbsp; Informacji Naukowej i Technicznej&nbsp;<\/strong>\/ Informacja \u2013 Wiedza \u2013 Innowacje w Europejskiej Przestrzeni Badawczej, 18-19.09.2019<\/li>\n\n\n\n<li>Plan pracy PTIN na rok 2020<\/li>\n\n\n\n<li>Kwartalnik PTINT. Co dalej? Nowe propozycje, wsp\u00f3\u0142praca z platform\u0105 Biblioteki Jagiello\u0144skiej UJ<\/li>\n\n\n\n<li>Prace zwi\u0105zane z organizacj\u0105 przez Polskie Towarzystwo Informacji Naukowej przy wsp\u00f3\u0142pracy merytorycznej Zak\u0142adu Zarz\u0105dzania Informacj\u0105 Uniwersytetu Jagiello\u0144skiego w Krakowie VIII. Og\u00f3lnopolskiej Konferencji Naukowej z cyklu:<strong><em>&nbsp;Zarz\u0105dzanie informacj\u0105 w nauce<\/em><\/strong>&nbsp;w listopadzie 2020 r.<\/li>\n\n\n\n<li>Sprawozdanie o stanie finans\u00f3w PTIN na koniec 2019 r.<\/li>\n<\/ul>\n\n\n\n<p><strong>Miejsce:&nbsp;<\/strong>Krak\u00f3w, Uniwersytet Jagiello\u0144ski, Wydzia\u0142 Zarz\u0105dzania i Komunikacji Spo\u0142ecznej, ul. St. \u0141ojasiewicza 4.<\/p>\n<\/details>\n\n\n\n<details class=\"wp-block-details is-layout-flow wp-block-details-is-layout-flow\"><summary>28 czerwca 2019 r. odby\u0142o si\u0119 zebranie Zarz\u0105du PTIN<\/summary>\n<details class=\"wp-block-details is-layout-flow wp-block-details-is-layout-flow\"><summary>Details<\/summary>\n<p><\/p>\n<\/details>\n\n\n\n<p>W programie spotkania by\u0142y m.in.:<\/p>\n\n\n\n<ul class=\"wp-block-list\">\n<li>Sprawy zwi\u0105zane z bie\u017c\u0105c\u0105 dzia\u0142alno\u015bci\u0105 PTIN<\/li>\n\n\n\n<li>Stan aktualny finans\u00f3w PTIN. Stan rachunku<\/li>\n\n\n\n<li>Przygotowania do&nbsp;&nbsp;<strong>XV&nbsp;Krajowego FORUM Informacji Naukowej i Technicznej<\/strong>&nbsp;pod has\u0142em&nbsp;<em>Informacja \u2013 Wiedza \u2013 Innowacje&nbsp;w&nbsp;Europejskiej Przestrzeni Badawczej<\/em>.&nbsp;<br>Termin konferencji: 18&nbsp;\u2013&nbsp;19 wrze\u015bnia 2019<\/li>\n<\/ul>\n\n\n\n<p><strong>Miejsce:&nbsp;<\/strong>Krak\u00f3w, Uniwersytet Jagiello\u0144ski, Wydzia\u0142 Zarz\u0105dzania i Komunikacji Spo\u0142ecznej, ul. St. \u0141ojasiewicza 4.<\/p>\n<\/details>\n","protected":false},"excerpt":{"rendered":"","protected":false},"author":1,"featured_media":0,"parent":0,"menu_order":0,"comment_status":"closed","ping_status":"closed","template":"","meta":{"footnotes":""},"class_list":["post-59","page","type-page","status-publish","hentry"],"_links":{"self":[{"href":"https:\/\/ptin.us.edu.pl\/index.php\/wp-json\/wp\/v2\/pages\/59","targetHints":{"allow":["GET"]}}],"collection":[{"href":"https:\/\/ptin.us.edu.pl\/index.php\/wp-json\/wp\/v2\/pages"}],"about":[{"href":"https:\/\/ptin.us.edu.pl\/index.php\/wp-json\/wp\/v2\/types\/page"}],"author":[{"embeddable":true,"href":"https:\/\/ptin.us.edu.pl\/index.php\/wp-json\/wp\/v2\/users\/1"}],"replies":[{"embeddable":true,"href":"https:\/\/ptin.us.edu.pl\/index.php\/wp-json\/wp\/v2\/comments?post=59"}],"version-history":[{"count":3,"href":"https:\/\/ptin.us.edu.pl\/index.php\/wp-json\/wp\/v2\/pages\/59\/revisions"}],"predecessor-version":[{"id":66,"href":"https:\/\/ptin.us.edu.pl\/index.php\/wp-json\/wp\/v2\/pages\/59\/revisions\/66"}],"wp:attachment":[{"href":"https:\/\/ptin.us.edu.pl\/index.php\/wp-json\/wp\/v2\/media?parent=59"}],"curies":[{"name":"wp","href":"https:\/\/api.w.org\/{rel}","templated":true}]}}