{"id":93,"date":"2023-09-27T10:31:13","date_gmt":"2023-09-27T10:31:13","guid":{"rendered":"https:\/\/ptin.us.edu.pl\/?page_id=93"},"modified":"2023-09-27T10:37:49","modified_gmt":"2023-09-27T10:37:49","slug":"wladze","status":"publish","type":"page","link":"https:\/\/ptin.us.edu.pl\/index.php\/wladze\/","title":{"rendered":"W\u0141ADZE"},"content":{"rendered":"\n<h4 class=\"wp-block-heading\">W\u0141ADZE IV KADENCJI POLSKIEGO TOWARZYSTWA INFORMACJI NAUKOWEJ<\/h4>\n\n\n\n<hr class=\"wp-block-separator has-alpha-channel-opacity\"\/>\n\n\n\n<h4 class=\"wp-block-heading\">ZARZ\u0104D TOWARZYSTWA<\/h4>\n\n\n\n<figure class=\"wp-block-table is-style-stripes\"><table><tbody><tr><td>Prezes:<\/td><td>dr hab. Diana Pietruch-Reizes<\/td><td><a href=\"mailto:diana.pietruch-reizes@uj.edu.pl\">e-mail<\/a><\/td><\/tr><tr><td>Wiceprezes:<\/td><td>dr hab. Renata Fr\u0105czek<\/td><td><a href=\"mailto:renata.fraczek@polsl.pl\">e-mail<\/a><\/td><\/tr><tr><td>Sekretarz:<\/td><td>dr Anna Matysek<\/td><td><a href=\"mailto:anna.matysek@us.edu.pl\">e-mail<\/a><\/td><\/tr><tr><td>Skarbnik:<\/td><td>mgr Joanna Kapusta<\/td><td><a href=\"mailto:joanna.kapusta@ios.krakow.pl\">e-mail<\/a><\/td><\/tr><tr><td>&nbsp;<\/td><td>dr Janusz Ko\u0142acz<\/td><td><a href=\"mailto:jkolacz@cm-uj.krakow.pl\">e-mail<\/a><\/td><\/tr><tr><td>&nbsp;<\/td><td>dr Stanis\u0142aw Sk\u00f3rka<\/td><td><a href=\"mailto:skorka@up.krakow.pl\">e-mail<\/a><\/td><\/tr><tr><td>&nbsp;<\/td><td>mgr Barbara Szczepanowska<\/td><td><a href=\"mailto:baszcz@poczta.fm\">e-mail<\/a><\/td><\/tr><\/tbody><\/table><\/figure>\n\n\n\n<hr class=\"wp-block-separator has-alpha-channel-opacity\"\/>\n\n\n\n<h4 class=\"wp-block-heading\">KOMISJA REWIZYJNA<\/h4>\n\n\n\n<figure class=\"wp-block-table is-style-stripes\"><table><tbody><tr><td>Przewodnicz\u0105cy:<\/td><td>dr in\u017c. Krzysztof Zio\u0142o<\/td><td>&nbsp;<\/td><\/tr><tr><td>Cz\u0142onkowie:<\/td><td>dr in\u017c. Jolanta Szulc<\/td><td>&nbsp;<\/td><\/tr><tr><td>&nbsp;<\/td><td>Dagmara Wolny<\/td><td>&nbsp;<\/td><\/tr><\/tbody><\/table><\/figure>\n\n\n\n<hr class=\"wp-block-separator has-alpha-channel-opacity\"\/>\n\n\n\n<h4 class=\"wp-block-heading\">S\u0104D KOLE\u017bE\u0143SKI<\/h4>\n\n\n\n<figure class=\"wp-block-table is-style-stripes\"><table><tbody><tr><td>Przewodnicz\u0105cy:<\/td><td>dr hab. Jacek Tomaszczyk<\/td><td>&nbsp;<\/td><\/tr><tr><td>Cz\u0142onkowie:<\/td><td>dr hab. Arkadiusz Pulikowski<\/td><td>&nbsp;<\/td><\/tr><tr><td>&nbsp;<\/td><td>mgr Maria Stybli\u0144ska<\/td><\/tr><\/tbody><\/table><\/figure>\n\n\n\n<h2 class=\"wp-block-heading alignwide\" id=\"we-re-a-studio-in-berlin-with-an-international-practice-in-architecture-urban-planning-and-interior-design-we-believe-in-sharing-knowledge-and-promoting-dialogue-to-increase-the-creative-potential-of-collaboration\" style=\"font-size:clamp(27.894px, 1.743rem + ((1vw - 3.2px) * 2.285), 48px);line-height:1.1\"><\/h2>\n","protected":false},"excerpt":{"rendered":"<p>W\u0141ADZE IV KADENCJI POLSKIEGO TOWARZYSTWA INFORMACJI NAUKOWEJ ZARZ\u0104D TOWARZYSTWA Prezes: dr hab. Diana Pietruch-Reizes e-mail Wiceprezes: dr hab. Renata Fr\u0105czek e-mail Sekretarz: dr Anna Matysek e-mail Skarbnik: mgr Joanna Kapusta e-mail &nbsp; dr Janusz Ko\u0142acz e-mail &nbsp; dr Stanis\u0142aw Sk\u00f3rka e-mail &nbsp; mgr Barbara Szczepanowska e-mail KOMISJA REWIZYJNA Przewodnicz\u0105cy: dr in\u017c. Krzysztof Zio\u0142o &nbsp; Cz\u0142onkowie: [&hellip;]<\/p>\n","protected":false},"author":1,"featured_media":0,"parent":0,"menu_order":0,"comment_status":"closed","ping_status":"closed","template":"","meta":{"footnotes":""},"class_list":["post-93","page","type-page","status-publish","hentry"],"_links":{"self":[{"href":"https:\/\/ptin.us.edu.pl\/index.php\/wp-json\/wp\/v2\/pages\/93","targetHints":{"allow":["GET"]}}],"collection":[{"href":"https:\/\/ptin.us.edu.pl\/index.php\/wp-json\/wp\/v2\/pages"}],"about":[{"href":"https:\/\/ptin.us.edu.pl\/index.php\/wp-json\/wp\/v2\/types\/page"}],"author":[{"embeddable":true,"href":"https:\/\/ptin.us.edu.pl\/index.php\/wp-json\/wp\/v2\/users\/1"}],"replies":[{"embeddable":true,"href":"https:\/\/ptin.us.edu.pl\/index.php\/wp-json\/wp\/v2\/comments?post=93"}],"version-history":[{"count":10,"href":"https:\/\/ptin.us.edu.pl\/index.php\/wp-json\/wp\/v2\/pages\/93\/revisions"}],"predecessor-version":[{"id":103,"href":"https:\/\/ptin.us.edu.pl\/index.php\/wp-json\/wp\/v2\/pages\/93\/revisions\/103"}],"wp:attachment":[{"href":"https:\/\/ptin.us.edu.pl\/index.php\/wp-json\/wp\/v2\/media?parent=93"}],"curies":[{"name":"wp","href":"https:\/\/api.w.org\/{rel}","templated":true}]}}